{"id":2862,"date":"2023-08-23T13:02:40","date_gmt":"2023-08-23T13:02:40","guid":{"rendered":"https:\/\/www.hbf67.dk\/?page_id=2862"},"modified":"2023-08-23T13:02:40","modified_gmt":"2023-08-23T13:02:40","slug":"news-22-23-2","status":"publish","type":"page","link":"https:\/\/www.hbf67.dk\/?page_id=2862","title":{"rendered":"News 22\/23"},"content":{"rendered":"\n<ul class=\"wp-block-social-links has-small-icon-size is-layout-flex wp-block-social-links-is-layout-flex\"><li class=\"wp-social-link wp-social-link-youtube  wp-block-social-link\"><a href=\"https:\/\/www.youtube.com\/@hbf67\/streams\" class=\"wp-block-social-link-anchor\"><svg width=\"24\" height=\"24\" viewBox=\"0 0 24 24\" version=\"1.1\" xmlns=\"http:\/\/www.w3.org\/2000\/svg\" aria-hidden=\"true\" focusable=\"false\"><path d=\"M21.8,8.001c0,0-0.195-1.378-0.795-1.985c-0.76-0.797-1.613-0.801-2.004-0.847c-2.799-0.202-6.997-0.202-6.997-0.202 h-0.009c0,0-4.198,0-6.997,0.202C4.608,5.216,3.756,5.22,2.995,6.016C2.395,6.623,2.2,8.001,2.2,8.001S2,9.62,2,11.238v1.517 c0,1.618,0.2,3.237,0.2,3.237s0.195,1.378,0.795,1.985c0.761,0.797,1.76,0.771,2.205,0.855c1.6,0.153,6.8,0.201,6.8,0.201 s4.203-0.006,7.001-0.209c0.391-0.047,1.243-0.051,2.004-0.847c0.6-0.607,0.795-1.985,0.795-1.985s0.2-1.618,0.2-3.237v-1.517 C22,9.62,21.8,8.001,21.8,8.001z M9.935,14.594l-0.001-5.62l5.404,2.82L9.935,14.594z\"><\/path><\/svg><span class=\"wp-block-social-link-label screen-reader-text\">YouTube<\/span><\/a><\/li>\n\n<li class=\"wp-social-link wp-social-link-facebook  wp-block-social-link\"><a href=\"https:\/\/www.facebook.com\/profile.php?id=100006251264521\" class=\"wp-block-social-link-anchor\"><svg width=\"24\" height=\"24\" viewBox=\"0 0 24 24\" version=\"1.1\" xmlns=\"http:\/\/www.w3.org\/2000\/svg\" aria-hidden=\"true\" focusable=\"false\"><path d=\"M12 2C6.5 2 2 6.5 2 12c0 5 3.7 9.1 8.4 9.9v-7H7.9V12h2.5V9.8c0-2.5 1.5-3.9 3.8-3.9 1.1 0 2.2.2 2.2.2v2.5h-1.3c-1.2 0-1.6.8-1.6 1.6V12h2.8l-.4 2.9h-2.3v7C18.3 21.1 22 17 22 12c0-5.5-4.5-10-10-10z\"><\/path><\/svg><span class=\"wp-block-social-link-label screen-reader-text\">Facebook<\/span><\/a><\/li><\/ul>\n\n\n\n<div class=\"wp-block-columns alignfull has-white-color has-text-color has-background is-layout-flex wp-container-core-columns-is-layout-9d6595d7 wp-block-columns-is-layout-flex\" style=\"background:linear-gradient(0deg,rgb(43,75,75) 0%,rgb(43,75,75) 100%)\">\n<div class=\"wp-block-column is-layout-flow wp-block-column-is-layout-flow\">\n<h5 class=\"wp-block-heading\">04\/07-2023<\/h5>\n\n\n\n<blockquote class=\"wp-block-quote has-medium-font-size is-layout-flow wp-block-quote-is-layout-flow\">\n<p>HOLD<\/p>\n<cite>S\u00e5 er alle puljerne lavet. <br>G\u00e5 ind under &#8220;HOLD&#8221; og klik p\u00e5 hold-navnet<br>Samt er kalenderen her nedenunder ogs\u00e5 opdateret, <br>s\u00e5 man kan se hele s\u00e6sonens kampe her. <br>S\u00e5 hvis I flytter en kamp, m\u00e5 I meget gerne give besked til Jimmy, s\u00e5 kalenderen kan rettes til<\/cite><\/blockquote>\n<\/div>\n\n\n\n<div class=\"wp-block-column is-layout-flow wp-block-column-is-layout-flow\">\n<h5 class=\"wp-block-heading\">02\/07-2023<\/h5>\n\n\n\n<blockquote class=\"wp-block-quote has-medium-font-size is-layout-flow wp-block-quote-is-layout-flow\">\n<p>Sommerferie<\/p>\n<cite>Reng\u00f8ringen holder en velfortjent sommerferie frem til den 10 august<br>S\u00e5 k\u00e6re gutter og gutinder,<br>Det er nu at vi skal vise, at vi alle er voksne mennesker og kan rydde op efter os selv. <br>Ligger der noget og &#8220;flyder&#8221;  s\u00e5 tag det lige med ud p\u00e5 vejen til skraldspanden &#8211; TAK<br><\/cite><\/blockquote>\n<\/div>\n\n\n\n<div class=\"wp-block-column is-layout-flow wp-block-column-is-layout-flow\">\n<h5 class=\"wp-block-heading\">22\/05-2023<\/h5>\n\n\n\n<blockquote class=\"wp-block-quote has-medium-font-size is-layout-flow wp-block-quote-is-layout-flow\">\n<p>Sommer-turnering<\/p>\n<cite>Vi er s\u00e5 sm\u00e5t startet p\u00e5 vores sommer turnering, som bliver spillet hver tirsdag Kl. 19:00. <br>Man m\u00f8der bare op og der bliver s\u00e5 lavet 3 mands hold til hvert bord. Distancen er snit x15 +30<\/cite><\/blockquote>\n<\/div>\n<\/div>\n\n\n\n<div class=\"wp-block-columns is-layout-flex wp-container-core-columns-is-layout-9d6595d7 wp-block-columns-is-layout-flex\">\n<div class=\"wp-block-column is-vertically-aligned-top is-layout-flow wp-block-column-is-layout-flow\">\n<center><iframe allowtransparency=\"true\" style=\"background: #555555;\" \nsrc=\"https:\/\/calendar.google.com\/calendar\/embed?height=400&#038;wkst=2&#038;bgcolor=%23ffffff&#038;ctz=Europe%2FCopenhagen&#038;showTitle=1&#038;showNav=0&#038;title=Klubbens%20kalender&#038;showDate=0&#038;showPrint=0&#038;showTabs=0&#038;showCalendars=0&#038;showTz=0&#038;mode=AGENDA&#038;src=aHZhbHNvZWJpbGxhcmRmb3JlbmluZ0BnbWFpbC5jb20&#038;color=%23039BE5\" style=\"border:solid 1px #777\" width=\"600\" height=\"400\" frameborder=\"0\" scrolling=\"no\"><\/iframe>\n<\/div>\n<\/div>\n\n\n\n<h2 class=\"wp-block-heading alignwide has-text-align-center\"><br>HUSK at st\u00f8tte vores sponsor &#8211; De st\u00f8tter os<br><br><\/h2>\n\n\n<div class=\"wp-block-image\">\n<figure class=\"aligncenter size-full\"><img loading=\"lazy\" decoding=\"async\" width=\"960\" height=\"120\" src=\"https:\/\/www.hbf67.dk\/wp-content\/uploads\/2022\/04\/De-5-store.gif\" alt=\"\" class=\"wp-image-733\"\/><\/figure>\n<\/div>\n\n\n<div class=\"wp-block-columns alignwide are-vertically-aligned-center is-layout-flex wp-container-core-columns-is-layout-9d6595d7 wp-block-columns-is-layout-flex\">\n<div class=\"wp-block-column is-vertically-aligned-center is-layout-flow wp-block-column-is-layout-flow\">\n<figure class=\"wp-block-image size-large is-style-default\"><a href=\"https:\/\/jk-el.dk\/vi-udf%C3%B8rer\" target=\"_blank\" rel=\"noopener\"><img loading=\"lazy\" decoding=\"async\" width=\"1024\" height=\"332\" src=\"https:\/\/www.hbf67.dk\/wp-content\/uploads\/2022\/04\/JK-EL-\u00bd-1024x332.png\" alt=\"\" class=\"wp-image-687\" srcset=\"https:\/\/www.hbf67.dk\/wp-content\/uploads\/2022\/04\/JK-EL-\u00bd-1024x332.png 1024w, https:\/\/www.hbf67.dk\/wp-content\/uploads\/2022\/04\/JK-EL-\u00bd-300x97.png 300w, https:\/\/www.hbf67.dk\/wp-content\/uploads\/2022\/04\/JK-EL-\u00bd-768x249.png 768w, https:\/\/www.hbf67.dk\/wp-content\/uploads\/2022\/04\/JK-EL-\u00bd.png 1200w\" sizes=\"auto, (max-width: 1024px) 100vw, 1024px\" \/><\/a><figcaption class=\"wp-element-caption\">JK-EL ApS &#8211; \u00c5sen 1 &#8211; 4330 Hvals\u00f8 &#8211; <a href=\"mailto:mail@jk-el.dk\">mail@jk-el.dk<\/a><br>Tlf. +45 46 40 85 58<br><\/figcaption><\/figure>\n<\/div>\n\n\n\n<div class=\"wp-block-column is-vertically-aligned-center is-layout-flow wp-block-column-is-layout-flow\"><div class=\"wp-block-image is-style-default\">\n<figure class=\"aligncenter size-large\"><a href=\"https:\/\/jk-el.dk\/kontakt-jk-el\" target=\"_blank\" rel=\"noopener\"><img loading=\"lazy\" decoding=\"async\" width=\"1024\" height=\"237\" src=\"https:\/\/www.hbf67.dk\/wp-content\/uploads\/2022\/04\/JK-EL-\u00bd_2-1024x237.png\" alt=\"\" class=\"wp-image-688\" srcset=\"https:\/\/www.hbf67.dk\/wp-content\/uploads\/2022\/04\/JK-EL-\u00bd_2-1024x237.png 1024w, https:\/\/www.hbf67.dk\/wp-content\/uploads\/2022\/04\/JK-EL-\u00bd_2-300x70.png 300w, https:\/\/www.hbf67.dk\/wp-content\/uploads\/2022\/04\/JK-EL-\u00bd_2-768x178.png 768w, https:\/\/www.hbf67.dk\/wp-content\/uploads\/2022\/04\/JK-EL-\u00bd_2.png 1200w\" sizes=\"auto, (max-width: 1024px) 100vw, 1024px\" \/><\/a><figcaption class=\"wp-element-caption\">JK-EL ApS &#8211; \u00c5sen 1 &#8211; 4330 Hvals\u00f8 &#8211; <a href=\"mailto:mail@jk-el.dk\">mail@jk-el.dk<\/a><br>Tlf. +45 46 40 85 58<\/figcaption><\/figure>\n<\/div><\/div>\n<\/div>\n\n\n\n<div class=\"wp-block-columns are-vertically-aligned-center is-layout-flex wp-container-core-columns-is-layout-9d6595d7 wp-block-columns-is-layout-flex\">\n<div class=\"wp-block-column is-vertically-aligned-center is-layout-flow wp-block-column-is-layout-flow\"><div class=\"wp-block-image is-style-default\">\n<figure class=\"aligncenter size-full is-resized\"><a href=\"https:\/\/superbrugsenhvalsoe.dk\/\" target=\"_blank\" rel=\"noopener\"><img loading=\"lazy\" decoding=\"async\" src=\"https:\/\/www.hbf67.dk\/wp-content\/uploads\/SB-coop-logo.png\" alt=\"Hvals\u00f8\" class=\"wp-image-700\" width=\"308\" height=\"142\"\/><\/a><figcaption class=\"wp-element-caption\">SuperBrugsen Hvals\u00f8 &#8211; Skolevej 1<br>46 46 15 15<br><\/figcaption><\/figure>\n<\/div><\/div>\n\n\n\n<div class=\"wp-block-column is-vertically-aligned-center is-layout-flow wp-block-column-is-layout-flow\"><div class=\"wp-block-image is-style-default\">\n<figure class=\"aligncenter size-full\"><a href=\"https:\/\/primarevision.dk\/\" target=\"_blank\" rel=\"noopener\"><img loading=\"lazy\" decoding=\"async\" width=\"350\" height=\"126\" src=\"https:\/\/www.hbf67.dk\/wp-content\/uploads\/Prima-Revision-logo.png\" alt=\"\" class=\"wp-image-719\"\/><\/a><figcaption class=\"wp-element-caption\"><strong>Roskilde afd &#8211; Ringstedvej 73<\/strong> 72 44 03 55 <br> <strong>Hvals\u00f8 afd &#8211; Ryttervej 2<\/strong> &#8211; 41 78 55 23<\/figcaption><\/figure>\n<\/div><\/div>\n<\/div>\n\n\n<div class=\"wp-block-image is-style-default\">\n<figure class=\"aligncenter size-large\"><a href=\"https:\/\/hvalsoe-teltudlejning.dk\/\"><img loading=\"lazy\" decoding=\"async\" width=\"1024\" height=\"128\" src=\"https:\/\/www.hbf67.dk\/wp-content\/uploads\/2023\/09\/htu-1920_240-1024x128.png\" alt=\"\" class=\"wp-image-738\"\/><\/a><figcaption class=\"wp-element-caption\"><strong><strong>Hvals\u00f8 Teltudlejning ApS<\/strong> Tj\u00f8rneager 6, 4330 Hvals\u00f8 <\/strong><br><strong>46 40 84 10<\/strong><\/figcaption><\/figure>\n<\/div>\n\n<div class=\"wp-block-image is-style-default\">\n<figure class=\"aligncenter size-medium\"><a href=\"https:\/\/www.edc.dk\/ejendomsmaegler\/hvalsoe\/\"><img loading=\"lazy\" decoding=\"async\" width=\"300\" height=\"300\" src=\"https:\/\/www.hbf67.dk\/wp-content\/uploads\/EDC-logo-300x300.png\" alt=\"\" class=\"wp-image-712\"\/><\/a><figcaption class=\"wp-element-caption\">EDC Hvals\u00f8 Hovedgaden 25 4330&nbsp;Hvals\u00f8<br>46 40 80 11<br><\/figcaption><\/figure>\n<\/div>\n\n\n<div class=\"wp-block-columns alignfull has-white-color has-text-color has-background is-layout-flex wp-container-core-columns-is-layout-9d6595d7 wp-block-columns-is-layout-flex\" style=\"background:linear-gradient(0deg,rgb(43,75,75) 0%,rgb(43,75,75) 100%)\">\n<div class=\"wp-block-column is-layout-flow wp-block-column-is-layout-flow\">\n<h5 class=\"wp-block-heading\"><\/h5>\n\n\n\n<blockquote class=\"wp-block-quote has-medium-font-size is-layout-flow wp-block-quote-is-layout-flow\">\n<p><\/p>\n<\/blockquote>\n<\/div>\n\n\n\n<div class=\"wp-block-column is-layout-flow wp-block-column-is-layout-flow\">\n<h5 class=\"wp-block-heading\">14\/06-2023<\/h5>\n\n\n\n<blockquote class=\"wp-block-quote has-medium-font-size is-layout-flow wp-block-quote-is-layout-flow\">\n<p>Fortjenstmedalje<\/p>\n\n\n\n<p>Peter Lund har modtaget en Fortjenstmedalje i GULD for en fortjenstfuld indsat i mere end 25 \u00e5r for billardsporten<br><\/p>\n\n\n\n<figure class=\"wp-block-image size-large\"><img decoding=\"async\" src=\"https:\/\/www.hbf67.dk\/wp-content\/uploads\/IMG_0979-768x1024.jpg\" alt=\"\" class=\"wp-image-2756\"\/><\/figure>\n<\/blockquote>\n<\/div>\n\n\n\n<div class=\"wp-block-column is-layout-flow wp-block-column-is-layout-flow\">\n<h5 class=\"wp-block-heading\">06\/05-2023<\/h5>\n\n\n\n<blockquote class=\"wp-block-quote has-medium-font-size is-layout-flow wp-block-quote-is-layout-flow\">\n<p>4. plads i Senior CUP<\/p>\n<cite>Kelvin Rasmussen har i dag vundet en flot 4. plads i Senior CUP <br><a href=\"https:\/\/spiller.ddbu-admin.dk\/?m=28&amp;id=1369&amp;saeson=2223\">Slut resultat<\/a> <\/cite><\/blockquote>\n\n\n\n<figure class=\"wp-block-image size-large\"><img loading=\"lazy\" decoding=\"async\" width=\"1024\" height=\"768\" src=\"https:\/\/www.hbf67.dk\/wp-content\/uploads\/senior-cup_2-2023-1024x768.jpg\" alt=\"\" class=\"wp-image-2478\"\/><\/figure>\n<\/div>\n<\/div>\n\n\n\n<div class=\"wp-block-columns alignfull has-white-color has-text-color has-background is-layout-flex wp-container-core-columns-is-layout-9d6595d7 wp-block-columns-is-layout-flex\" style=\"background:linear-gradient(0deg,rgb(43,75,75) 0%,rgb(43,75,75) 100%)\">\n<div class=\"wp-block-column is-layout-flow wp-block-column-is-layout-flow\">\n<h5 class=\"wp-block-heading\">01\/04-2023<\/h5>\n\n\n\n<blockquote class=\"wp-block-quote has-medium-font-size is-layout-flow wp-block-quote-is-layout-flow\">\n<p>Telefon linjen er nede<\/p>\n<cite>Telenor har i forbindelse med at vi har opsagt internet delen, ogs\u00e5 lukket for vores telefon linje.<br>Dette var vi n\u00e6sten klar over, men h\u00e5bede at de kunne levere en PSTN (gammeldags tlf linje) i stedet for. Det er ikke muligt desv\u00e6rre. S\u00e5 vi skal ha TDC p\u00e5 banen igen \ud83d\ude2c<\/cite><\/blockquote>\n<\/div>\n\n\n\n<div class=\"wp-block-column is-layout-flow wp-block-column-is-layout-flow\">\n<h4 class=\"wp-block-heading\">14\/04-2023<\/h4>\n\n\n\n<blockquote class=\"wp-block-quote has-medium-font-size is-layout-flow wp-block-quote-is-layout-flow\">\n<p>PAR SKOMAGER<\/p>\n<cite>L\u00f8rdag den 20 maj kl. 10:00 afholdes der par-skomager i klubben <br>(dette er kun for Hvals\u00f8&#8217;s medlemmer)<br>Man bliver makket op efter kegle-snittet for 2023\/24, den med h\u00f8jeste snit er makker med den laveste snit osv.<br>Tilmeldings gebyr er 100,-<br>Tilmeldingen skal ske nede i klubben og sidste frist er den 15 maj<br><\/cite><\/blockquote>\n<\/div>\n\n\n\n<div class=\"wp-block-column is-layout-flow wp-block-column-is-layout-flow\">\n<h5 class=\"wp-block-heading\">18\/04-2023<\/h5>\n\n\n\n<blockquote class=\"wp-block-quote has-medium-font-size is-layout-flow wp-block-quote-is-layout-flow\">\n<p>Pr\u00e6mieafslutning<\/p>\n<cite>L\u00f8rdag den 13\/5-2023 Kl. 11:00 afholder klubben pr\u00e6mieafslutning.<br>Tilmeldingsskema ligger nede i klubben og sidste frist er den 8\/5-2023<br>Skal hilse fra formanden og sige at klubben er klar til at modtage medlemmerne \ud83e\udd47\ud83e\udd48\ud83e\udd49<\/cite><\/blockquote>\n\n\n\n<figure class=\"wp-block-image size-large\"><img loading=\"lazy\" decoding=\"async\" width=\"768\" height=\"1024\" src=\"https:\/\/www.hbf67.dk\/wp-content\/uploads\/2023\/05\/6354964235647273307-768x1024.jpg\" alt=\"\" class=\"wp-image-2481\" srcset=\"https:\/\/www.hbf67.dk\/wp-content\/uploads\/2023\/05\/6354964235647273307-768x1024.jpg 768w, https:\/\/www.hbf67.dk\/wp-content\/uploads\/2023\/05\/6354964235647273307-225x300.jpg 225w, https:\/\/www.hbf67.dk\/wp-content\/uploads\/2023\/05\/6354964235647273307.jpg 960w\" sizes=\"auto, (max-width: 768px) 100vw, 768px\" \/><\/figure>\n\n\n\n<figure class=\"wp-block-image size-large\"><img loading=\"lazy\" decoding=\"async\" width=\"1024\" height=\"768\" src=\"https:\/\/www.hbf67.dk\/wp-content\/uploads\/3715773104468578667-1024x768.jpg\" alt=\"\" class=\"wp-image-2483\"\/><\/figure>\n<\/div>\n<\/div>\n\n\n\n<div class=\"wp-block-columns alignfull has-white-color has-text-color has-background is-layout-flex wp-container-core-columns-is-layout-9d6595d7 wp-block-columns-is-layout-flex\" style=\"background:linear-gradient(0deg,rgb(43,75,75) 0%,rgb(43,75,75) 100%)\">\n<div class=\"wp-block-column is-layout-flow wp-block-column-is-layout-flow\">\n<h5 class=\"wp-block-heading\">25\/032-2023<\/h5>\n\n\n\n<blockquote class=\"wp-block-quote has-medium-font-size is-layout-flow wp-block-quote-is-layout-flow\">\n<p>UM Bronze i 3 bande Kl. B<\/p>\n<cite>Stort tillykke til Rene Kristensen med\ud83e\udd49i Landsfinalen 3 Bande Kl. B<br><img decoding=\"async\" src=\"https:\/\/www.hbf67.dk\/wp-content\/uploads\/Rene-1.png\" alt=\"\"><\/cite><\/blockquote>\n<\/div>\n\n\n\n<div class=\"wp-block-column is-layout-flow wp-block-column-is-layout-flow\">\n<h5 class=\"wp-block-heading\">04\/03-2023<\/h5>\n\n\n\n<blockquote class=\"wp-block-quote has-medium-font-size is-layout-flow wp-block-quote-is-layout-flow\">\n<p>Efter\u00e5rets pr\u00e6mieoverr\u00e6kkelse<\/p>\n<cite>Klubben takker for den store tilslutning til vores pr\u00e6mieoverr\u00e6kkelse i dag l\u00f8rdag 04\/03<br>Sk\u00f8nt at s\u00e5 mange tager sig tid til at hygge med andre medlemmer til Brunch<\/cite><\/blockquote>\n\n\n\n<figure class=\"wp-block-image size-large\"><img loading=\"lazy\" decoding=\"async\" width=\"1024\" height=\"568\" src=\"https:\/\/www.hbf67.dk\/wp-content\/uploads\/image-52-1024x568.png\" alt=\"\" class=\"wp-image-2241\"\/><\/figure>\n<\/div>\n\n\n\n<div class=\"wp-block-column is-layout-flow wp-block-column-is-layout-flow\">\n<h4 class=\"wp-block-heading\">25\/02-2023<\/h4>\n\n\n\n<blockquote class=\"wp-block-quote has-medium-font-size is-layout-flow wp-block-quote-is-layout-flow\">\n<p>Guld i 3 bande Kl. B<\/p>\n<cite>Stort tillykke Rene Kristensen med \ud83e\udd47 i regionsfinalen 3 Bande <a href=\"https:\/\/spiller.ddbu-admin.dk\/?m=1010&amp;tnr=106&amp;saeson=2223\" target=\"_blank\" rel=\"noreferrer noopener nofollow\">LINK<\/a><br>Landsfinalen spilles i Horsens BK den 25 marts<br><a href=\"https:\/\/spiller.ddbu-admin.dk\/pdf_filer\/2223\/lf\/106_11.pdf\" target=\"_blank\" rel=\"noreferrer noopener nofollow\">LINK<\/a><\/cite><\/blockquote>\n<\/div>\n<\/div>\n\n\n\n<div class=\"wp-block-columns alignfull has-white-color has-text-color has-background is-layout-flex wp-container-core-columns-is-layout-9d6595d7 wp-block-columns-is-layout-flex\" style=\"background:linear-gradient(0deg,rgb(43,75,75) 0%,rgb(43,75,75) 100%)\">\n<div class=\"wp-block-column is-layout-flow wp-block-column-is-layout-flow\">\n<h4 class=\"wp-block-heading\">11\/02-2023<\/h4>\n\n\n\n<blockquote class=\"wp-block-quote has-medium-font-size is-layout-flow wp-block-quote-is-layout-flow\">\n<p>Vinder af Bjarne&#8217;s Vandrepokal \ud83c\udfc6<\/p>\n<cite>Stort tillykke til Per Stephansen  \ud83c\udfc6<\/cite><\/blockquote>\n\n\n\n<figure class=\"wp-block-image size-large\"><img loading=\"lazy\" decoding=\"async\" width=\"1024\" height=\"691\" src=\"https:\/\/www.hbf67.dk\/wp-content\/uploads\/image-42-1024x691.png\" alt=\"\" class=\"wp-image-2042\"\/><\/figure>\n<\/div>\n\n\n\n<div class=\"wp-block-column is-layout-flow wp-block-column-is-layout-flow\">\n<h5 class=\"wp-block-heading\">16\/02-2023<\/h5>\n\n\n\n<blockquote class=\"wp-block-quote has-medium-font-size is-layout-flow wp-block-quote-is-layout-flow\">\n<p>Flot s\u00f8lv medalje \ud83e\udd48<\/p>\n<cite>Stort tillykke til Frank Pedersen med sin s\u00f8lv i mester r\u00e6kken \u00f8st.  <a href=\"https:\/\/spiller.ddbu-admin.dk\/?m=1010&amp;tnr=147&amp;saeson=2223\" target=\"_blank\" rel=\"noreferrer noopener nofollow\">LINK<\/a><br>Frank er hermed g\u00e5et videre til landsfinalen, som spilles i Frem BK(Kolding) den 11\/03-2023<br><a href=\"https:\/\/spiller.ddbu-admin.dk\/pdf_filer\/2223\/lf\/147_11.pdf\" target=\"_blank\" rel=\"noreferrer noopener nofollow\">LINK<\/a><\/cite><\/blockquote>\n<\/div>\n\n\n\n<div class=\"wp-block-column is-layout-flow wp-block-column-is-layout-flow\">\n<h4 class=\"wp-block-heading\">21\/01-2023<\/h4>\n\n\n\n<blockquote class=\"wp-block-quote has-medium-font-size is-layout-flow wp-block-quote-is-layout-flow\">\n<p>GULD til HBF67 \ud83e\udd47<\/p>\n<cite>Flemming Johnsen var en tur i Vordingborg og spille 3. bande carambole Kl. C  Regionsfinale og her hentede han en guldmedalje hjem med 0,352 i total snit.<br>Stort tillykke og p\u00f8j p\u00f8j i Randers til Landsfinalen<\/cite><\/blockquote>\n\n\n\n<figure class=\"wp-block-image size-large\"><img loading=\"lazy\" decoding=\"async\" width=\"1024\" height=\"738\" src=\"https:\/\/www.hbf67.dk\/wp-content\/uploads\/image-35-1024x738.png\" alt=\"\" class=\"wp-image-1983\"\/><\/figure>\n<\/div>\n<\/div>\n","protected":false},"excerpt":{"rendered":"<p>04\/07-2023 HOLD 02\/07-2023 Sommerferie 22\/05-2023 Sommer-turnering HUSK at st\u00f8tte vores sponsor &#8211; De st\u00f8tter os 14\/06-2023 Fortjenstmedalje Peter Lund har modtaget en<\/p>\n<p class=\"link-more\"><a class=\"myButt \" href=\"https:\/\/www.hbf67.dk\/?page_id=2862\">Read More<\/a><\/p>\n","protected":false},"author":1,"featured_media":0,"parent":0,"menu_order":0,"comment_status":"closed","ping_status":"closed","template":"","meta":{"footnotes":""},"class_list":["post-2862","page","type-page","status-publish","hentry"],"yoast_head":"<!-- This site is optimized with the Yoast SEO plugin v27.2 - https:\/\/yoast.com\/product\/yoast-seo-wordpress\/ -->\n<title>News 22\/23 - Hvals\u00f8 Billard Forening<\/title>\n<meta name=\"robots\" content=\"index, follow, max-snippet:-1, max-image-preview:large, max-video-preview:-1\" \/>\n<link rel=\"canonical\" href=\"https:\/\/www.hbf67.dk\/?page_id=2862\" \/>\n<meta property=\"og:locale\" content=\"da_DK\" \/>\n<meta property=\"og:type\" content=\"article\" \/>\n<meta property=\"og:title\" content=\"News 22\/23 - Hvals\u00f8 Billard Forening\" \/>\n<meta property=\"og:description\" content=\"04\/07-2023 HOLD 02\/07-2023 Sommerferie 22\/05-2023 Sommer-turnering HUSK at st\u00f8tte vores sponsor &#8211; De st\u00f8tter os 14\/06-2023 Fortjenstmedalje Peter Lund har modtaget enRead More\" \/>\n<meta property=\"og:url\" content=\"https:\/\/www.hbf67.dk\/?page_id=2862\" \/>\n<meta property=\"og:site_name\" content=\"Hvals\u00f8 Billard Forening\" \/>\n<meta property=\"og:image\" content=\"https:\/\/www.hbf67.dk\/wp-content\/uploads\/2022\/04\/De-5-store.gif\" \/>\n<meta name=\"twitter:card\" content=\"summary_large_image\" \/>\n<meta name=\"twitter:label1\" content=\"Estimeret l\u00e6setid\" \/>\n\t<meta name=\"twitter:data1\" content=\"4 minutter\" \/>\n<script type=\"application\/ld+json\" class=\"yoast-schema-graph\">{\"@context\":\"https:\/\/schema.org\",\"@graph\":[{\"@type\":\"WebPage\",\"@id\":\"https:\/\/www.hbf67.dk\/?page_id=2862\",\"url\":\"https:\/\/www.hbf67.dk\/?page_id=2862\",\"name\":\"News 22\/23 - Hvals\u00f8 Billard Forening\",\"isPartOf\":{\"@id\":\"https:\/\/www.hbf67.dk\/#website\"},\"primaryImageOfPage\":{\"@id\":\"https:\/\/www.hbf67.dk\/?page_id=2862#primaryimage\"},\"image\":{\"@id\":\"https:\/\/www.hbf67.dk\/?page_id=2862#primaryimage\"},\"thumbnailUrl\":\"https:\/\/www.hbf67.dk\/wp-content\/uploads\/2022\/04\/De-5-store.gif\",\"datePublished\":\"2023-08-23T13:02:40+00:00\",\"breadcrumb\":{\"@id\":\"https:\/\/www.hbf67.dk\/?page_id=2862#breadcrumb\"},\"inLanguage\":\"da-DK\",\"potentialAction\":[{\"@type\":\"ReadAction\",\"target\":[\"https:\/\/www.hbf67.dk\/?page_id=2862\"]}]},{\"@type\":\"ImageObject\",\"inLanguage\":\"da-DK\",\"@id\":\"https:\/\/www.hbf67.dk\/?page_id=2862#primaryimage\",\"url\":\"https:\/\/www.hbf67.dk\/wp-content\/uploads\/2022\/04\/De-5-store.gif\",\"contentUrl\":\"https:\/\/www.hbf67.dk\/wp-content\/uploads\/2022\/04\/De-5-store.gif\",\"width\":960,\"height\":120},{\"@type\":\"BreadcrumbList\",\"@id\":\"https:\/\/www.hbf67.dk\/?page_id=2862#breadcrumb\",\"itemListElement\":[{\"@type\":\"ListItem\",\"position\":1,\"name\":\"Hjem\",\"item\":\"https:\/\/www.hbf67.dk\/\"},{\"@type\":\"ListItem\",\"position\":2,\"name\":\"News 22\/23\"}]},{\"@type\":\"WebSite\",\"@id\":\"https:\/\/www.hbf67.dk\/#website\",\"url\":\"https:\/\/www.hbf67.dk\/\",\"name\":\"Hvals\u00f8 Billard Forening\",\"description\":\"\",\"potentialAction\":[{\"@type\":\"SearchAction\",\"target\":{\"@type\":\"EntryPoint\",\"urlTemplate\":\"https:\/\/www.hbf67.dk\/?s={search_term_string}\"},\"query-input\":{\"@type\":\"PropertyValueSpecification\",\"valueRequired\":true,\"valueName\":\"search_term_string\"}}],\"inLanguage\":\"da-DK\"}]}<\/script>\n<!-- \/ Yoast SEO plugin. -->","yoast_head_json":{"title":"News 22\/23 - Hvals\u00f8 Billard Forening","robots":{"index":"index","follow":"follow","max-snippet":"max-snippet:-1","max-image-preview":"max-image-preview:large","max-video-preview":"max-video-preview:-1"},"canonical":"https:\/\/www.hbf67.dk\/?page_id=2862","og_locale":"da_DK","og_type":"article","og_title":"News 22\/23 - Hvals\u00f8 Billard Forening","og_description":"04\/07-2023 HOLD 02\/07-2023 Sommerferie 22\/05-2023 Sommer-turnering HUSK at st\u00f8tte vores sponsor &#8211; De st\u00f8tter os 14\/06-2023 Fortjenstmedalje Peter Lund har modtaget enRead More","og_url":"https:\/\/www.hbf67.dk\/?page_id=2862","og_site_name":"Hvals\u00f8 Billard Forening","og_image":[{"url":"https:\/\/www.hbf67.dk\/wp-content\/uploads\/2022\/04\/De-5-store.gif","type":"","width":"","height":""}],"twitter_card":"summary_large_image","twitter_misc":{"Estimeret l\u00e6setid":"4 minutter"},"schema":{"@context":"https:\/\/schema.org","@graph":[{"@type":"WebPage","@id":"https:\/\/www.hbf67.dk\/?page_id=2862","url":"https:\/\/www.hbf67.dk\/?page_id=2862","name":"News 22\/23 - Hvals\u00f8 Billard Forening","isPartOf":{"@id":"https:\/\/www.hbf67.dk\/#website"},"primaryImageOfPage":{"@id":"https:\/\/www.hbf67.dk\/?page_id=2862#primaryimage"},"image":{"@id":"https:\/\/www.hbf67.dk\/?page_id=2862#primaryimage"},"thumbnailUrl":"https:\/\/www.hbf67.dk\/wp-content\/uploads\/2022\/04\/De-5-store.gif","datePublished":"2023-08-23T13:02:40+00:00","breadcrumb":{"@id":"https:\/\/www.hbf67.dk\/?page_id=2862#breadcrumb"},"inLanguage":"da-DK","potentialAction":[{"@type":"ReadAction","target":["https:\/\/www.hbf67.dk\/?page_id=2862"]}]},{"@type":"ImageObject","inLanguage":"da-DK","@id":"https:\/\/www.hbf67.dk\/?page_id=2862#primaryimage","url":"https:\/\/www.hbf67.dk\/wp-content\/uploads\/2022\/04\/De-5-store.gif","contentUrl":"https:\/\/www.hbf67.dk\/wp-content\/uploads\/2022\/04\/De-5-store.gif","width":960,"height":120},{"@type":"BreadcrumbList","@id":"https:\/\/www.hbf67.dk\/?page_id=2862#breadcrumb","itemListElement":[{"@type":"ListItem","position":1,"name":"Hjem","item":"https:\/\/www.hbf67.dk\/"},{"@type":"ListItem","position":2,"name":"News 22\/23"}]},{"@type":"WebSite","@id":"https:\/\/www.hbf67.dk\/#website","url":"https:\/\/www.hbf67.dk\/","name":"Hvals\u00f8 Billard Forening","description":"","potentialAction":[{"@type":"SearchAction","target":{"@type":"EntryPoint","urlTemplate":"https:\/\/www.hbf67.dk\/?s={search_term_string}"},"query-input":{"@type":"PropertyValueSpecification","valueRequired":true,"valueName":"search_term_string"}}],"inLanguage":"da-DK"}]}},"_links":{"self":[{"href":"https:\/\/www.hbf67.dk\/index.php?rest_route=\/wp\/v2\/pages\/2862","targetHints":{"allow":["GET"]}}],"collection":[{"href":"https:\/\/www.hbf67.dk\/index.php?rest_route=\/wp\/v2\/pages"}],"about":[{"href":"https:\/\/www.hbf67.dk\/index.php?rest_route=\/wp\/v2\/types\/page"}],"author":[{"embeddable":true,"href":"https:\/\/www.hbf67.dk\/index.php?rest_route=\/wp\/v2\/users\/1"}],"replies":[{"embeddable":true,"href":"https:\/\/www.hbf67.dk\/index.php?rest_route=%2Fwp%2Fv2%2Fcomments&post=2862"}],"version-history":[{"count":0,"href":"https:\/\/www.hbf67.dk\/index.php?rest_route=\/wp\/v2\/pages\/2862\/revisions"}],"wp:attachment":[{"href":"https:\/\/www.hbf67.dk\/index.php?rest_route=%2Fwp%2Fv2%2Fmedia&parent=2862"}],"curies":[{"name":"wp","href":"https:\/\/api.w.org\/{rel}","templated":true}]}}