{"id":2871,"date":"2023-08-29T08:44:08","date_gmt":"2023-08-29T08:44:08","guid":{"rendered":"https:\/\/www.hbf67.dk\/?page_id=2871"},"modified":"2026-03-23T11:23:56","modified_gmt":"2026-03-23T09:23:56","slug":"bestyrelsesreferat","status":"publish","type":"page","link":"https:\/\/www.hbf67.dk\/?page_id=2871","title":{"rendered":"Referater &amp; Vedt\u00e6gter"},"content":{"rendered":"\n<ul class=\"wp-block-social-links has-small-icon-size is-layout-flex wp-block-social-links-is-layout-flex\"><li class=\"wp-social-link wp-social-link-youtube  wp-block-social-link\"><a href=\"https:\/\/www.youtube.com\/@hbf67\/streams\" class=\"wp-block-social-link-anchor\"><svg width=\"24\" height=\"24\" viewBox=\"0 0 24 24\" version=\"1.1\" xmlns=\"http:\/\/www.w3.org\/2000\/svg\" aria-hidden=\"true\" focusable=\"false\"><path d=\"M21.8,8.001c0,0-0.195-1.378-0.795-1.985c-0.76-0.797-1.613-0.801-2.004-0.847c-2.799-0.202-6.997-0.202-6.997-0.202 h-0.009c0,0-4.198,0-6.997,0.202C4.608,5.216,3.756,5.22,2.995,6.016C2.395,6.623,2.2,8.001,2.2,8.001S2,9.62,2,11.238v1.517 c0,1.618,0.2,3.237,0.2,3.237s0.195,1.378,0.795,1.985c0.761,0.797,1.76,0.771,2.205,0.855c1.6,0.153,6.8,0.201,6.8,0.201 s4.203-0.006,7.001-0.209c0.391-0.047,1.243-0.051,2.004-0.847c0.6-0.607,0.795-1.985,0.795-1.985s0.2-1.618,0.2-3.237v-1.517 C22,9.62,21.8,8.001,21.8,8.001z M9.935,14.594l-0.001-5.62l5.404,2.82L9.935,14.594z\"><\/path><\/svg><span class=\"wp-block-social-link-label screen-reader-text\">YouTube<\/span><\/a><\/li>\n\n<li class=\"wp-social-link wp-social-link-facebook  wp-block-social-link\"><a href=\"https:\/\/www.facebook.com\/profile.php?id=100006251264521\" class=\"wp-block-social-link-anchor\"><svg width=\"24\" height=\"24\" viewBox=\"0 0 24 24\" version=\"1.1\" xmlns=\"http:\/\/www.w3.org\/2000\/svg\" aria-hidden=\"true\" focusable=\"false\"><path d=\"M12 2C6.5 2 2 6.5 2 12c0 5 3.7 9.1 8.4 9.9v-7H7.9V12h2.5V9.8c0-2.5 1.5-3.9 3.8-3.9 1.1 0 2.2.2 2.2.2v2.5h-1.3c-1.2 0-1.6.8-1.6 1.6V12h2.8l-.4 2.9h-2.3v7C18.3 21.1 22 17 22 12c0-5.5-4.5-10-10-10z\"><\/path><\/svg><span class=\"wp-block-social-link-label screen-reader-text\">Facebook<\/span><\/a><\/li><\/ul>\n\n\n\n<div class=\"wp-block-columns alignfull has-white-color has-text-color has-background is-layout-flex wp-container-core-columns-is-layout-9d6595d7 wp-block-columns-is-layout-flex\" style=\"background:linear-gradient(0deg,rgb(43,75,75) 0%,rgb(43,75,75) 100%)\">\n<div class=\"wp-block-column is-layout-flow wp-block-column-is-layout-flow\">\n<p>Bestyrelsesm\u00f8de: <br><a href=\"https:\/\/www.hbf67.dk\/wp-content\/uploads\/2026\/03\/HBF-Bestyrelsesmoede-marts-2026.pdf\">04 marts 2026<\/a><br><a href=\"https:\/\/www.hbf67.dk\/wp-content\/uploads\/2025\/06\/Bestyrelsesmoede-27-Maj-2025.pdf\">27 maj 2025<\/a><br><a href=\"https:\/\/www.hbf67.dk\/wp-content\/uploads\/2025\/05\/HBF-Bestyrelsesmoede-marts-2025.pdf\">12 marts 2025<\/a><br><a href=\"https:\/\/www.hbf67.dk\/wp-content\/uploads\/2024\/10\/HBF-Bestyrelsesmoede-okt-2024.pdf\">09 Oktober 2024<\/a><br><a href=\"https:\/\/www.hbf67.dk\/wp-content\/uploads\/2024\/05\/HBF-Bestyrelsesmoede-maj-2024.pdf\">22 maj 2024<\/a><br><a href=\"https:\/\/www.hbf67.dk\/wp-content\/uploads\/2024\/05\/HBF-Bestyrelsesmoede-april-2024.pdf\">24 april 2024<\/a><br><a href=\"https:\/\/www.hbf67.dk\/wp-content\/uploads\/2023\/11\/BM-23-08-2023.png\">23 august 2023<\/a><a href=\"https:\/\/www.hbf67.dk\/wp-content\/uploads\/2024\/05\/HBF-Bestyrelsesmoede-april-2024.pdf\"><br><\/a><a href=\"https:\/\/www.hbf67.dk\/wp-content\/uploads\/2023\/11\/BM-01-11-2023.png\">01 november 2023<\/a><br><\/p>\n<\/div>\n\n\n\n<div class=\"wp-block-column is-layout-flow wp-block-column-is-layout-flow\">\n<p>Generalforsamlinger:<\/p>\n\n\n\n<p><a href=\"https:\/\/www.hbf67.dk\/wp-content\/uploads\/2026\/03\/HBF-Referat-generalforsamling-februar-2026.pdf\">23 februar 2026<\/a><br><a href=\"https:\/\/www.hbf67.dk\/wp-content\/uploads\/2025\/03\/HBF-Referat-generalforsamling-februar-2025.pdf\">24 februar 2025<\/a><br><a href=\"https:\/\/www.hbf67.dk\/wp-content\/uploads\/2024\/05\/Generalforsamling-2024.ods\">26 februar 2024<\/a><\/p>\n<\/div>\n\n\n\n<div class=\"wp-block-column is-layout-flow wp-block-column-is-layout-flow\">\n<p>Vedt\u00e6gter:<\/p>\n\n\n\n<p><a href=\"https:\/\/www.hbf67.dk\/wp-content\/uploads\/2025\/05\/HBF67-Vedtaegter-af-2025.pdf\">26 maj 2025<\/a><br><a href=\"https:\/\/www.hbf67.dk\/wp-content\/uploads\/2025\/05\/HBF67-Vedtaegter-af-2019.pdf\">01 maj 2019<\/a><br><\/p>\n<\/div>\n<\/div>\n\n\n\n<h2 class=\"wp-block-heading alignwide has-text-align-center\"><br>HUSK at st\u00f8tte vores sponsor &#8211; De st\u00f8tter os<\/h2>\n\n\n<div class=\"wp-block-image\">\n<figure class=\"aligncenter size-large\"><img loading=\"lazy\" decoding=\"async\" width=\"1024\" height=\"128\" src=\"https:\/\/www.hbf67.dk\/wp-content\/uploads\/2025\/06\/Rema1000-1920_240-1024x128.png\" alt=\"\" class=\"wp-image-4044\" srcset=\"https:\/\/www.hbf67.dk\/wp-content\/uploads\/2025\/06\/Rema1000-1920_240-1024x128.png 1024w, https:\/\/www.hbf67.dk\/wp-content\/uploads\/2025\/06\/Rema1000-1920_240-300x38.png 300w, https:\/\/www.hbf67.dk\/wp-content\/uploads\/2025\/06\/Rema1000-1920_240-768x96.png 768w, https:\/\/www.hbf67.dk\/wp-content\/uploads\/2025\/06\/Rema1000-1920_240-1536x192.png 1536w, https:\/\/www.hbf67.dk\/wp-content\/uploads\/2025\/06\/Rema1000-1920_240.png 1920w\" sizes=\"auto, (max-width: 1024px) 100vw, 1024px\" \/><\/figure>\n<\/div>\n\n<div class=\"wp-block-image\">\n<figure class=\"aligncenter size-large\"><img loading=\"lazy\" decoding=\"async\" width=\"1024\" height=\"128\" src=\"https:\/\/www.hbf67.dk\/wp-content\/uploads\/2025\/06\/Saaby-bilsyn-1920_240-1024x128.png\" alt=\"\" class=\"wp-image-4045\" srcset=\"https:\/\/www.hbf67.dk\/wp-content\/uploads\/2025\/06\/Saaby-bilsyn-1920_240-1024x128.png 1024w, https:\/\/www.hbf67.dk\/wp-content\/uploads\/2025\/06\/Saaby-bilsyn-1920_240-300x38.png 300w, https:\/\/www.hbf67.dk\/wp-content\/uploads\/2025\/06\/Saaby-bilsyn-1920_240-768x96.png 768w, https:\/\/www.hbf67.dk\/wp-content\/uploads\/2025\/06\/Saaby-bilsyn-1920_240-1536x192.png 1536w, https:\/\/www.hbf67.dk\/wp-content\/uploads\/2025\/06\/Saaby-bilsyn-1920_240.png 1920w\" sizes=\"auto, (max-width: 1024px) 100vw, 1024px\" \/><\/figure>\n<\/div>\n\n<div class=\"wp-block-image\">\n<figure class=\"aligncenter size-large\"><a href=\"https:\/\/www.hbf67.dk\/wp-content\/uploads\/2024\/02\/JK-EL-1920_240.png\"><img loading=\"lazy\" decoding=\"async\" width=\"1024\" height=\"128\" src=\"https:\/\/www.hbf67.dk\/wp-content\/uploads\/2024\/02\/JK-EL-1920_240-1024x128.png\" alt=\"\" class=\"wp-image-3086\" srcset=\"https:\/\/www.hbf67.dk\/wp-content\/uploads\/2024\/02\/JK-EL-1920_240-1024x128.png 1024w, https:\/\/www.hbf67.dk\/wp-content\/uploads\/2024\/02\/JK-EL-1920_240-300x38.png 300w, https:\/\/www.hbf67.dk\/wp-content\/uploads\/2024\/02\/JK-EL-1920_240-768x96.png 768w, https:\/\/www.hbf67.dk\/wp-content\/uploads\/2024\/02\/JK-EL-1920_240-1536x192.png 1536w, https:\/\/www.hbf67.dk\/wp-content\/uploads\/2024\/02\/JK-EL-1920_240.png 1920w\" sizes=\"auto, (max-width: 1024px) 100vw, 1024px\" \/><\/a><\/figure>\n<\/div>\n\n<div class=\"wp-block-image\">\n<figure class=\"aligncenter size-large\"><img loading=\"lazy\" decoding=\"async\" width=\"1024\" height=\"128\" src=\"https:\/\/www.hbf67.dk\/wp-content\/uploads\/2026\/01\/Prima-Revision-logo1920_240-1024x128.png\" alt=\"\" class=\"wp-image-4105\" srcset=\"https:\/\/www.hbf67.dk\/wp-content\/uploads\/2026\/01\/Prima-Revision-logo1920_240-1024x128.png 1024w, https:\/\/www.hbf67.dk\/wp-content\/uploads\/2026\/01\/Prima-Revision-logo1920_240-300x38.png 300w, https:\/\/www.hbf67.dk\/wp-content\/uploads\/2026\/01\/Prima-Revision-logo1920_240-768x96.png 768w, https:\/\/www.hbf67.dk\/wp-content\/uploads\/2026\/01\/Prima-Revision-logo1920_240-1536x192.png 1536w, https:\/\/www.hbf67.dk\/wp-content\/uploads\/2026\/01\/Prima-Revision-logo1920_240.png 1920w\" sizes=\"auto, (max-width: 1024px) 100vw, 1024px\" \/><\/figure>\n<\/div>\n\n<div class=\"wp-block-image\">\n<figure class=\"aligncenter size-large\"><img loading=\"lazy\" decoding=\"async\" width=\"1024\" height=\"128\" src=\"https:\/\/www.hbf67.dk\/wp-content\/uploads\/2024\/02\/htu-1920_240-1024x128.png\" alt=\"\" class=\"wp-image-3085\" srcset=\"https:\/\/www.hbf67.dk\/wp-content\/uploads\/2024\/02\/htu-1920_240-1024x128.png 1024w, https:\/\/www.hbf67.dk\/wp-content\/uploads\/2024\/02\/htu-1920_240-300x38.png 300w, https:\/\/www.hbf67.dk\/wp-content\/uploads\/2024\/02\/htu-1920_240-768x96.png 768w, https:\/\/www.hbf67.dk\/wp-content\/uploads\/2024\/02\/htu-1920_240-1536x192.png 1536w, https:\/\/www.hbf67.dk\/wp-content\/uploads\/2024\/02\/htu-1920_240.png 1920w\" sizes=\"auto, (max-width: 1024px) 100vw, 1024px\" \/><\/figure>\n<\/div>\n\n<div class=\"wp-block-image\">\n<figure class=\"aligncenter size-large\"><img loading=\"lazy\" decoding=\"async\" width=\"1024\" height=\"128\" src=\"https:\/\/www.hbf67.dk\/wp-content\/uploads\/2024\/02\/EDC-logo-1920_240-1024x128.png\" alt=\"\" class=\"wp-image-3083\" srcset=\"https:\/\/www.hbf67.dk\/wp-content\/uploads\/2024\/02\/EDC-logo-1920_240-1024x128.png 1024w, https:\/\/www.hbf67.dk\/wp-content\/uploads\/2024\/02\/EDC-logo-1920_240-300x38.png 300w, https:\/\/www.hbf67.dk\/wp-content\/uploads\/2024\/02\/EDC-logo-1920_240-768x96.png 768w, https:\/\/www.hbf67.dk\/wp-content\/uploads\/2024\/02\/EDC-logo-1920_240-1536x192.png 1536w, https:\/\/www.hbf67.dk\/wp-content\/uploads\/2024\/02\/EDC-logo-1920_240.png 1920w\" sizes=\"auto, (max-width: 1024px) 100vw, 1024px\" \/><\/figure>\n<\/div>\n\n<div class=\"wp-block-image\">\n<figure class=\"aligncenter size-large\"><img loading=\"lazy\" decoding=\"async\" width=\"1024\" height=\"128\" src=\"https:\/\/www.hbf67.dk\/wp-content\/uploads\/2024\/02\/SUPERBRUGSEN-1920_240-1024x128.png\" alt=\"\" class=\"wp-image-3080\" srcset=\"https:\/\/www.hbf67.dk\/wp-content\/uploads\/2024\/02\/SUPERBRUGSEN-1920_240-1024x128.png 1024w, https:\/\/www.hbf67.dk\/wp-content\/uploads\/2024\/02\/SUPERBRUGSEN-1920_240-300x38.png 300w, https:\/\/www.hbf67.dk\/wp-content\/uploads\/2024\/02\/SUPERBRUGSEN-1920_240-768x96.png 768w, https:\/\/www.hbf67.dk\/wp-content\/uploads\/2024\/02\/SUPERBRUGSEN-1920_240-1536x192.png 1536w, https:\/\/www.hbf67.dk\/wp-content\/uploads\/2024\/02\/SUPERBRUGSEN-1920_240.png 1920w\" sizes=\"auto, (max-width: 1024px) 100vw, 1024px\" \/><\/figure>\n<\/div>\n\n\n<figure class=\"wp-block-gallery aligncenter has-nested-images columns-default is-cropped wp-block-gallery-1 is-layout-flex wp-block-gallery-is-layout-flex\">\n<figure class=\"wp-block-image size-large\"><img loading=\"lazy\" decoding=\"async\" width=\"1024\" height=\"128\" data-id=\"3081\" src=\"https:\/\/www.hbf67.dk\/wp-content\/uploads\/2024\/02\/Bilhuset-1920_240-1024x128.png\" alt=\"\" class=\"wp-image-3081\" srcset=\"https:\/\/www.hbf67.dk\/wp-content\/uploads\/2024\/02\/Bilhuset-1920_240-1024x128.png 1024w, https:\/\/www.hbf67.dk\/wp-content\/uploads\/2024\/02\/Bilhuset-1920_240-300x38.png 300w, https:\/\/www.hbf67.dk\/wp-content\/uploads\/2024\/02\/Bilhuset-1920_240-768x96.png 768w, https:\/\/www.hbf67.dk\/wp-content\/uploads\/2024\/02\/Bilhuset-1920_240-1536x192.png 1536w, https:\/\/www.hbf67.dk\/wp-content\/uploads\/2024\/02\/Bilhuset-1920_240.png 1920w\" sizes=\"auto, (max-width: 1024px) 100vw, 1024px\" \/><\/figure>\n\n\n\n<figure class=\"wp-block-image size-large\"><img loading=\"lazy\" decoding=\"async\" width=\"1024\" height=\"128\" data-id=\"3082\" src=\"https:\/\/www.hbf67.dk\/wp-content\/uploads\/2024\/02\/Din-toejmand-1920_240-1024x128.png\" alt=\"\" class=\"wp-image-3082\" srcset=\"https:\/\/www.hbf67.dk\/wp-content\/uploads\/2024\/02\/Din-toejmand-1920_240-1024x128.png 1024w, https:\/\/www.hbf67.dk\/wp-content\/uploads\/2024\/02\/Din-toejmand-1920_240-300x38.png 300w, https:\/\/www.hbf67.dk\/wp-content\/uploads\/2024\/02\/Din-toejmand-1920_240-768x96.png 768w, https:\/\/www.hbf67.dk\/wp-content\/uploads\/2024\/02\/Din-toejmand-1920_240-1536x192.png 1536w, https:\/\/www.hbf67.dk\/wp-content\/uploads\/2024\/02\/Din-toejmand-1920_240.png 1920w\" sizes=\"auto, (max-width: 1024px) 100vw, 1024px\" \/><\/figure>\n<\/figure>\n\n\n\n<figure class=\"wp-block-gallery aligncenter has-nested-images columns-default is-cropped wp-block-gallery-2 is-layout-flex wp-block-gallery-is-layout-flex\">\n<figure class=\"wp-block-image size-large\"><img loading=\"lazy\" decoding=\"async\" width=\"1024\" height=\"128\" data-id=\"3084\" src=\"https:\/\/www.hbf67.dk\/wp-content\/uploads\/2024\/02\/Erling-1920_240-1024x128.png\" alt=\"\" class=\"wp-image-3084\" srcset=\"https:\/\/www.hbf67.dk\/wp-content\/uploads\/2024\/02\/Erling-1920_240-1024x128.png 1024w, https:\/\/www.hbf67.dk\/wp-content\/uploads\/2024\/02\/Erling-1920_240-300x38.png 300w, https:\/\/www.hbf67.dk\/wp-content\/uploads\/2024\/02\/Erling-1920_240-768x96.png 768w, https:\/\/www.hbf67.dk\/wp-content\/uploads\/2024\/02\/Erling-1920_240-1536x192.png 1536w, https:\/\/www.hbf67.dk\/wp-content\/uploads\/2024\/02\/Erling-1920_240.png 1920w\" sizes=\"auto, (max-width: 1024px) 100vw, 1024px\" \/><\/figure>\n\n\n\n<figure class=\"wp-block-image size-large\"><img loading=\"lazy\" decoding=\"async\" width=\"1024\" height=\"128\" data-id=\"3087\" src=\"https:\/\/www.hbf67.dk\/wp-content\/uploads\/2024\/02\/Lykke-cykler-1920_240-1024x128.png\" alt=\"\" class=\"wp-image-3087\" srcset=\"https:\/\/www.hbf67.dk\/wp-content\/uploads\/2024\/02\/Lykke-cykler-1920_240-1024x128.png 1024w, https:\/\/www.hbf67.dk\/wp-content\/uploads\/2024\/02\/Lykke-cykler-1920_240-300x38.png 300w, https:\/\/www.hbf67.dk\/wp-content\/uploads\/2024\/02\/Lykke-cykler-1920_240-768x96.png 768w, https:\/\/www.hbf67.dk\/wp-content\/uploads\/2024\/02\/Lykke-cykler-1920_240-1536x192.png 1536w, https:\/\/www.hbf67.dk\/wp-content\/uploads\/2024\/02\/Lykke-cykler-1920_240.png 1920w\" sizes=\"auto, (max-width: 1024px) 100vw, 1024px\" \/><\/figure>\n<\/figure>\n","protected":false},"excerpt":{"rendered":"<p>Bestyrelsesm\u00f8de: 04 marts 202627 maj 202512 marts 202509 Oktober 202422 maj 202424 april 202423 august 202301 november 2023 Generalforsamlinger: 23 februar 202624<\/p>\n<p class=\"link-more\"><a class=\"myButt \" href=\"https:\/\/www.hbf67.dk\/?page_id=2871\">Read More<\/a><\/p>\n","protected":false},"author":1,"featured_media":0,"parent":0,"menu_order":0,"comment_status":"closed","ping_status":"closed","template":"","meta":{"footnotes":""},"class_list":["post-2871","page","type-page","status-publish","hentry"],"yoast_head":"<!-- This site is optimized with the Yoast SEO plugin v27.2 - https:\/\/yoast.com\/product\/yoast-seo-wordpress\/ -->\n<title>Referater &amp; Vedt\u00e6gter - Hvals\u00f8 Billard Forening<\/title>\n<meta name=\"robots\" content=\"index, follow, max-snippet:-1, max-image-preview:large, max-video-preview:-1\" \/>\n<link rel=\"canonical\" href=\"https:\/\/www.hbf67.dk\/?page_id=2871\" \/>\n<meta property=\"og:locale\" content=\"da_DK\" \/>\n<meta property=\"og:type\" content=\"article\" \/>\n<meta property=\"og:title\" content=\"Referater &amp; Vedt\u00e6gter - Hvals\u00f8 Billard Forening\" \/>\n<meta property=\"og:description\" content=\"Bestyrelsesm\u00f8de: 04 marts 202627 maj 202512 marts 202509 Oktober 202422 maj 202424 april 202423 august 202301 november 2023 Generalforsamlinger: 23 februar 202624Read More\" \/>\n<meta property=\"og:url\" content=\"https:\/\/www.hbf67.dk\/?page_id=2871\" \/>\n<meta property=\"og:site_name\" content=\"Hvals\u00f8 Billard Forening\" \/>\n<meta property=\"article:modified_time\" content=\"2026-03-23T09:23:56+00:00\" \/>\n<meta property=\"og:image\" content=\"https:\/\/www.hbf67.dk\/wp-content\/uploads\/2025\/06\/Rema1000-1920_240.png\" \/>\n\t<meta property=\"og:image:width\" content=\"1920\" \/>\n\t<meta property=\"og:image:height\" content=\"240\" \/>\n\t<meta property=\"og:image:type\" content=\"image\/png\" \/>\n<meta name=\"twitter:card\" content=\"summary_large_image\" \/>\n<meta name=\"twitter:label1\" content=\"Estimeret l\u00e6setid\" \/>\n\t<meta name=\"twitter:data1\" content=\"3 minutter\" \/>\n<script type=\"application\/ld+json\" class=\"yoast-schema-graph\">{\"@context\":\"https:\/\/schema.org\",\"@graph\":[{\"@type\":\"WebPage\",\"@id\":\"https:\/\/www.hbf67.dk\/?page_id=2871\",\"url\":\"https:\/\/www.hbf67.dk\/?page_id=2871\",\"name\":\"Referater &amp; Vedt\u00e6gter - Hvals\u00f8 Billard Forening\",\"isPartOf\":{\"@id\":\"https:\/\/www.hbf67.dk\/#website\"},\"primaryImageOfPage\":{\"@id\":\"https:\/\/www.hbf67.dk\/?page_id=2871#primaryimage\"},\"image\":{\"@id\":\"https:\/\/www.hbf67.dk\/?page_id=2871#primaryimage\"},\"thumbnailUrl\":\"https:\/\/www.hbf67.dk\/wp-content\/uploads\/2025\/06\/Rema1000-1920_240-1024x128.png\",\"datePublished\":\"2023-08-29T08:44:08+00:00\",\"dateModified\":\"2026-03-23T09:23:56+00:00\",\"breadcrumb\":{\"@id\":\"https:\/\/www.hbf67.dk\/?page_id=2871#breadcrumb\"},\"inLanguage\":\"da-DK\",\"potentialAction\":[{\"@type\":\"ReadAction\",\"target\":[\"https:\/\/www.hbf67.dk\/?page_id=2871\"]}]},{\"@type\":\"ImageObject\",\"inLanguage\":\"da-DK\",\"@id\":\"https:\/\/www.hbf67.dk\/?page_id=2871#primaryimage\",\"url\":\"https:\/\/www.hbf67.dk\/wp-content\/uploads\/2025\/06\/Rema1000-1920_240.png\",\"contentUrl\":\"https:\/\/www.hbf67.dk\/wp-content\/uploads\/2025\/06\/Rema1000-1920_240.png\",\"width\":1920,\"height\":240},{\"@type\":\"BreadcrumbList\",\"@id\":\"https:\/\/www.hbf67.dk\/?page_id=2871#breadcrumb\",\"itemListElement\":[{\"@type\":\"ListItem\",\"position\":1,\"name\":\"Hjem\",\"item\":\"https:\/\/www.hbf67.dk\/\"},{\"@type\":\"ListItem\",\"position\":2,\"name\":\"Referater &amp; Vedt\u00e6gter\"}]},{\"@type\":\"WebSite\",\"@id\":\"https:\/\/www.hbf67.dk\/#website\",\"url\":\"https:\/\/www.hbf67.dk\/\",\"name\":\"Hvals\u00f8 Billard Forening\",\"description\":\"\",\"potentialAction\":[{\"@type\":\"SearchAction\",\"target\":{\"@type\":\"EntryPoint\",\"urlTemplate\":\"https:\/\/www.hbf67.dk\/?s={search_term_string}\"},\"query-input\":{\"@type\":\"PropertyValueSpecification\",\"valueRequired\":true,\"valueName\":\"search_term_string\"}}],\"inLanguage\":\"da-DK\"}]}<\/script>\n<!-- \/ Yoast SEO plugin. -->","yoast_head_json":{"title":"Referater &amp; Vedt\u00e6gter - Hvals\u00f8 Billard Forening","robots":{"index":"index","follow":"follow","max-snippet":"max-snippet:-1","max-image-preview":"max-image-preview:large","max-video-preview":"max-video-preview:-1"},"canonical":"https:\/\/www.hbf67.dk\/?page_id=2871","og_locale":"da_DK","og_type":"article","og_title":"Referater &amp; Vedt\u00e6gter - Hvals\u00f8 Billard Forening","og_description":"Bestyrelsesm\u00f8de: 04 marts 202627 maj 202512 marts 202509 Oktober 202422 maj 202424 april 202423 august 202301 november 2023 Generalforsamlinger: 23 februar 202624Read More","og_url":"https:\/\/www.hbf67.dk\/?page_id=2871","og_site_name":"Hvals\u00f8 Billard Forening","article_modified_time":"2026-03-23T09:23:56+00:00","og_image":[{"width":1920,"height":240,"url":"https:\/\/www.hbf67.dk\/wp-content\/uploads\/2025\/06\/Rema1000-1920_240.png","type":"image\/png"}],"twitter_card":"summary_large_image","twitter_misc":{"Estimeret l\u00e6setid":"3 minutter"},"schema":{"@context":"https:\/\/schema.org","@graph":[{"@type":"WebPage","@id":"https:\/\/www.hbf67.dk\/?page_id=2871","url":"https:\/\/www.hbf67.dk\/?page_id=2871","name":"Referater &amp; Vedt\u00e6gter - Hvals\u00f8 Billard Forening","isPartOf":{"@id":"https:\/\/www.hbf67.dk\/#website"},"primaryImageOfPage":{"@id":"https:\/\/www.hbf67.dk\/?page_id=2871#primaryimage"},"image":{"@id":"https:\/\/www.hbf67.dk\/?page_id=2871#primaryimage"},"thumbnailUrl":"https:\/\/www.hbf67.dk\/wp-content\/uploads\/2025\/06\/Rema1000-1920_240-1024x128.png","datePublished":"2023-08-29T08:44:08+00:00","dateModified":"2026-03-23T09:23:56+00:00","breadcrumb":{"@id":"https:\/\/www.hbf67.dk\/?page_id=2871#breadcrumb"},"inLanguage":"da-DK","potentialAction":[{"@type":"ReadAction","target":["https:\/\/www.hbf67.dk\/?page_id=2871"]}]},{"@type":"ImageObject","inLanguage":"da-DK","@id":"https:\/\/www.hbf67.dk\/?page_id=2871#primaryimage","url":"https:\/\/www.hbf67.dk\/wp-content\/uploads\/2025\/06\/Rema1000-1920_240.png","contentUrl":"https:\/\/www.hbf67.dk\/wp-content\/uploads\/2025\/06\/Rema1000-1920_240.png","width":1920,"height":240},{"@type":"BreadcrumbList","@id":"https:\/\/www.hbf67.dk\/?page_id=2871#breadcrumb","itemListElement":[{"@type":"ListItem","position":1,"name":"Hjem","item":"https:\/\/www.hbf67.dk\/"},{"@type":"ListItem","position":2,"name":"Referater &amp; Vedt\u00e6gter"}]},{"@type":"WebSite","@id":"https:\/\/www.hbf67.dk\/#website","url":"https:\/\/www.hbf67.dk\/","name":"Hvals\u00f8 Billard Forening","description":"","potentialAction":[{"@type":"SearchAction","target":{"@type":"EntryPoint","urlTemplate":"https:\/\/www.hbf67.dk\/?s={search_term_string}"},"query-input":{"@type":"PropertyValueSpecification","valueRequired":true,"valueName":"search_term_string"}}],"inLanguage":"da-DK"}]}},"_links":{"self":[{"href":"https:\/\/www.hbf67.dk\/index.php?rest_route=\/wp\/v2\/pages\/2871","targetHints":{"allow":["GET"]}}],"collection":[{"href":"https:\/\/www.hbf67.dk\/index.php?rest_route=\/wp\/v2\/pages"}],"about":[{"href":"https:\/\/www.hbf67.dk\/index.php?rest_route=\/wp\/v2\/types\/page"}],"author":[{"embeddable":true,"href":"https:\/\/www.hbf67.dk\/index.php?rest_route=\/wp\/v2\/users\/1"}],"replies":[{"embeddable":true,"href":"https:\/\/www.hbf67.dk\/index.php?rest_route=%2Fwp%2Fv2%2Fcomments&post=2871"}],"version-history":[{"count":20,"href":"https:\/\/www.hbf67.dk\/index.php?rest_route=\/wp\/v2\/pages\/2871\/revisions"}],"predecessor-version":[{"id":4139,"href":"https:\/\/www.hbf67.dk\/index.php?rest_route=\/wp\/v2\/pages\/2871\/revisions\/4139"}],"wp:attachment":[{"href":"https:\/\/www.hbf67.dk\/index.php?rest_route=%2Fwp%2Fv2%2Fmedia&parent=2871"}],"curies":[{"name":"wp","href":"https:\/\/api.w.org\/{rel}","templated":true}]}}