{"id":4002,"date":"2025-06-13T07:24:33","date_gmt":"2025-06-13T05:24:33","guid":{"rendered":"https:\/\/www.hbf67.dk\/?page_id=4002"},"modified":"2025-06-13T15:49:07","modified_gmt":"2025-06-13T13:49:07","slug":"jp-turnering","status":"publish","type":"page","link":"https:\/\/www.hbf67.dk\/?page_id=4002","title":{"rendered":"JP turnering"},"content":{"rendered":"\n<p><a href=\"https:\/\/spiller.ddbu-admin.dk\/pdf_filer\/2425\/Hold\/2222_7.pdf\" target=\"_blank\" rel=\"noreferrer noopener\">Link til programmet<\/a><\/p>\n\n\n\n<p class=\"has-text-align-center\">L\u00f8rdag den 14. juni kl. 11.30<\/p>\n\n\n\n<div class=\"wp-block-columns is-layout-flex wp-container-core-columns-is-layout-9d6595d7 wp-block-columns-is-layout-flex\">\n<div class=\"wp-block-column is-layout-flow wp-block-column-is-layout-flow\">\n<div style=\"position: relative; padding-bottom: 56.25%; padding-top: 0px; height: 0;\">\n\n<iframe \nstyle=\"position: absolute; top: 0; left: 0; width: 100%; height: 100%;\" \n\nsrc=\"https:\/\/www.youtube.com\/embed\/l0SSaYKBvyw?si=yYtxZmOyrUhazxLI&#038;amp&#038;autoplay=1&#038;mute=1&#038;controls=1\" \n\nscrolling=\"no\" \nframeborder=\"0\" \nseamless=\"seamless\" allowfullscreen=\"allowfullscreen\">\n    <\/iframe>\n<\/div>\n<\/div>\n\n\n\n<div class=\"wp-block-column is-layout-flow wp-block-column-is-layout-flow\">\n<div style=\"position: relative; padding-bottom: 56.25%; padding-top: 0px; height: 0;\">\n\n<iframe \nstyle=\"position: absolute; top: 0; left: 0; width: 100%; height: 100%;\" \n\nsrc=\"https:\/\/www.youtube.com\/embed\/elzqf8oO4Zk?si=dRSuNqgrha17-q72&#038;amp&#038;autoplay=1&#038;mute=1&#038;controls=1\" \n\nscrolling=\"no\" \nframeborder=\"0\" \nseamless=\"seamless\" allowfullscreen=\"allowfullscreen\">\n    <\/iframe>\n<\/div>\n<\/div>\n<\/div>\n\n\n\n<div class=\"wp-block-columns is-layout-flex wp-container-core-columns-is-layout-9d6595d7 wp-block-columns-is-layout-flex\">\n<div class=\"wp-block-column is-layout-flow wp-block-column-is-layout-flow\">\n<div style=\"position: relative; padding-bottom: 56.25%; padding-top: 0px; height: 0;\">\n\n<iframe \nstyle=\"position: absolute; top: 0; left: 0; width: 100%; height: 100%;\" \n\nsrc=\"https:\/\/www.youtube.com\/embed\/LkAFKyoDc7o?si=DEZq1djkNX3OnYoR&#038;amp&#038;autoplay=1&#038;mute=1&#038;controls=1\" \n\nscrolling=\"no\" \nframeborder=\"0\" \nseamless=\"seamless\" allowfullscreen=\"allowfullscreen\">\n    <\/iframe>\n<\/div>\n<\/div>\n\n\n\n<div class=\"wp-block-column is-layout-flow wp-block-column-is-layout-flow\">\n<div style=\"position: relative; padding-bottom: 56.25%; padding-top: 0px; height: 0;\">\n\n<iframe \nstyle=\"position: absolute; top: 0; left: 0; width: 100%; height: 100%;\" \n\nsrc=\"https:\/\/www.youtube.com\/embed\/vMEAlYxSa8I?si=MaRU51Xaj2NzC71b&#038;amp&#038;autoplay=1&#038;mute=1&#038;controls=1\" \n\nscrolling=\"no\" \nframeborder=\"0\" \nseamless=\"seamless\" allowfullscreen=\"allowfullscreen\">\n    <\/iframe>\n<\/div>\n<\/div>\n<\/div>\n\n\n\n<p class=\"has-text-align-center\">S\u00f8ndag den 15. juni kl. 10.00<\/p>\n\n\n\n<div class=\"wp-block-columns is-layout-flex wp-container-core-columns-is-layout-9d6595d7 wp-block-columns-is-layout-flex\">\n<div class=\"wp-block-column is-layout-flow wp-block-column-is-layout-flow\">\n<div style=\"position: relative; padding-bottom: 56.25%; padding-top: 0px; height: 0;\">\n\n<iframe \nstyle=\"position: absolute; top: 0; left: 0; width: 100%; height: 100%;\" \n\nsrc=\"https:\/\/www.youtube.com\/embed\/oh9IA5UKqQk?si=IydgCDVXD76T0E6I&#038;amp&#038;autoplay=1&#038;mute=1&#038;controls=1\" \n\nscrolling=\"no\" \nframeborder=\"0\" \nseamless=\"seamless\" allowfullscreen=\"allowfullscreen\">\n    <\/iframe>\n<\/div>\n<\/div>\n\n\n\n<div class=\"wp-block-column is-layout-flow wp-block-column-is-layout-flow\">\n<div style=\"position: relative; padding-bottom: 56.25%; padding-top: 0px; height: 0;\">\n\n<iframe \nstyle=\"position: absolute; top: 0; left: 0; width: 100%; height: 100%;\" \n\nsrc=\"https:\/\/www.youtube.com\/embed\/XY4502ojiBs?si=eFuuWf_zaTrkndMQ&#038;amp&#038;autoplay=1&#038;mute=1&#038;controls=1\" \n\nscrolling=\"no\" \nframeborder=\"0\" \nseamless=\"seamless\" allowfullscreen=\"allowfullscreen\">\n    <\/iframe>\n<\/div>\n<\/div>\n<\/div>\n\n\n\n<div class=\"wp-block-columns is-layout-flex wp-container-core-columns-is-layout-9d6595d7 wp-block-columns-is-layout-flex\">\n<div class=\"wp-block-column is-layout-flow wp-block-column-is-layout-flow\">\n<div style=\"position: relative; padding-bottom: 56.25%; padding-top: 0px; height: 0;\">\n\n<iframe \nstyle=\"position: absolute; top: 0; left: 0; width: 100%; height: 100%;\" \n\nsrc=\"https:\/\/www.youtube.com\/embed\/oKJrayIQXTs?si=2v4Qoynj_V9jKbFI&#038;amp&#038;autoplay=1&#038;mute=1&#038;controls=1\" \n\nscrolling=\"no\" \nframeborder=\"0\" \nseamless=\"seamless\" allowfullscreen=\"allowfullscreen\">\n    <\/iframe>\n<\/div>\n<\/div>\n\n\n\n<div class=\"wp-block-column is-layout-flow wp-block-column-is-layout-flow\">\n<div style=\"position: relative; padding-bottom: 56.25%; padding-top: 0px; height: 0;\">\n\n<iframe \nstyle=\"position: absolute; top: 0; left: 0; width: 100%; height: 100%;\" \n\nsrc=\"https:\/\/www.youtube.com\/embed\/PBwLr3D8en4?si=BH8hIdnOjmgvWb94&#038;amp&#038;autoplay=1&#038;mute=1&#038;controls=1\" \n\nscrolling=\"no\" \nframeborder=\"0\" \nseamless=\"seamless\" allowfullscreen=\"allowfullscreen\">\n    <\/iframe>\n<\/div>\n<\/div>\n<\/div>\n","protected":false},"excerpt":{"rendered":"<p>Link til programmet L\u00f8rdag den 14. juni kl. 11.30 S\u00f8ndag den 15. juni kl. 10.00<\/p>\n","protected":false},"author":3,"featured_media":0,"parent":0,"menu_order":0,"comment_status":"closed","ping_status":"closed","template":"","meta":{"footnotes":""},"class_list":["post-4002","page","type-page","status-publish","hentry"],"yoast_head":"<!-- This site is optimized with the Yoast SEO plugin v27.2 - https:\/\/yoast.com\/product\/yoast-seo-wordpress\/ -->\n<title>JP turnering - Hvals\u00f8 Billard Forening<\/title>\n<meta name=\"robots\" content=\"index, follow, max-snippet:-1, max-image-preview:large, max-video-preview:-1\" \/>\n<link rel=\"canonical\" href=\"https:\/\/www.hbf67.dk\/?page_id=4002\" \/>\n<meta property=\"og:locale\" content=\"da_DK\" \/>\n<meta property=\"og:type\" content=\"article\" \/>\n<meta property=\"og:title\" content=\"JP turnering - Hvals\u00f8 Billard Forening\" \/>\n<meta property=\"og:description\" content=\"Link til programmet L\u00f8rdag den 14. juni kl. 11.30 S\u00f8ndag den 15. juni kl. 10.00\" \/>\n<meta property=\"og:url\" content=\"https:\/\/www.hbf67.dk\/?page_id=4002\" \/>\n<meta property=\"og:site_name\" content=\"Hvals\u00f8 Billard Forening\" \/>\n<meta property=\"article:modified_time\" content=\"2025-06-13T13:49:07+00:00\" \/>\n<meta name=\"twitter:card\" content=\"summary_large_image\" \/>\n<meta name=\"twitter:label1\" content=\"Estimeret l\u00e6setid\" \/>\n\t<meta name=\"twitter:data1\" content=\"1 minut\" \/>\n<script type=\"application\/ld+json\" class=\"yoast-schema-graph\">{\"@context\":\"https:\/\/schema.org\",\"@graph\":[{\"@type\":\"WebPage\",\"@id\":\"https:\/\/www.hbf67.dk\/?page_id=4002\",\"url\":\"https:\/\/www.hbf67.dk\/?page_id=4002\",\"name\":\"JP turnering - Hvals\u00f8 Billard Forening\",\"isPartOf\":{\"@id\":\"https:\/\/www.hbf67.dk\/#website\"},\"datePublished\":\"2025-06-13T05:24:33+00:00\",\"dateModified\":\"2025-06-13T13:49:07+00:00\",\"breadcrumb\":{\"@id\":\"https:\/\/www.hbf67.dk\/?page_id=4002#breadcrumb\"},\"inLanguage\":\"da-DK\",\"potentialAction\":[{\"@type\":\"ReadAction\",\"target\":[\"https:\/\/www.hbf67.dk\/?page_id=4002\"]}]},{\"@type\":\"BreadcrumbList\",\"@id\":\"https:\/\/www.hbf67.dk\/?page_id=4002#breadcrumb\",\"itemListElement\":[{\"@type\":\"ListItem\",\"position\":1,\"name\":\"Hjem\",\"item\":\"https:\/\/www.hbf67.dk\/\"},{\"@type\":\"ListItem\",\"position\":2,\"name\":\"JP turnering\"}]},{\"@type\":\"WebSite\",\"@id\":\"https:\/\/www.hbf67.dk\/#website\",\"url\":\"https:\/\/www.hbf67.dk\/\",\"name\":\"Hvals\u00f8 Billard Forening\",\"description\":\"\",\"potentialAction\":[{\"@type\":\"SearchAction\",\"target\":{\"@type\":\"EntryPoint\",\"urlTemplate\":\"https:\/\/www.hbf67.dk\/?s={search_term_string}\"},\"query-input\":{\"@type\":\"PropertyValueSpecification\",\"valueRequired\":true,\"valueName\":\"search_term_string\"}}],\"inLanguage\":\"da-DK\"}]}<\/script>\n<!-- \/ Yoast SEO plugin. -->","yoast_head_json":{"title":"JP turnering - Hvals\u00f8 Billard Forening","robots":{"index":"index","follow":"follow","max-snippet":"max-snippet:-1","max-image-preview":"max-image-preview:large","max-video-preview":"max-video-preview:-1"},"canonical":"https:\/\/www.hbf67.dk\/?page_id=4002","og_locale":"da_DK","og_type":"article","og_title":"JP turnering - Hvals\u00f8 Billard Forening","og_description":"Link til programmet L\u00f8rdag den 14. juni kl. 11.30 S\u00f8ndag den 15. juni kl. 10.00","og_url":"https:\/\/www.hbf67.dk\/?page_id=4002","og_site_name":"Hvals\u00f8 Billard Forening","article_modified_time":"2025-06-13T13:49:07+00:00","twitter_card":"summary_large_image","twitter_misc":{"Estimeret l\u00e6setid":"1 minut"},"schema":{"@context":"https:\/\/schema.org","@graph":[{"@type":"WebPage","@id":"https:\/\/www.hbf67.dk\/?page_id=4002","url":"https:\/\/www.hbf67.dk\/?page_id=4002","name":"JP turnering - Hvals\u00f8 Billard Forening","isPartOf":{"@id":"https:\/\/www.hbf67.dk\/#website"},"datePublished":"2025-06-13T05:24:33+00:00","dateModified":"2025-06-13T13:49:07+00:00","breadcrumb":{"@id":"https:\/\/www.hbf67.dk\/?page_id=4002#breadcrumb"},"inLanguage":"da-DK","potentialAction":[{"@type":"ReadAction","target":["https:\/\/www.hbf67.dk\/?page_id=4002"]}]},{"@type":"BreadcrumbList","@id":"https:\/\/www.hbf67.dk\/?page_id=4002#breadcrumb","itemListElement":[{"@type":"ListItem","position":1,"name":"Hjem","item":"https:\/\/www.hbf67.dk\/"},{"@type":"ListItem","position":2,"name":"JP turnering"}]},{"@type":"WebSite","@id":"https:\/\/www.hbf67.dk\/#website","url":"https:\/\/www.hbf67.dk\/","name":"Hvals\u00f8 Billard Forening","description":"","potentialAction":[{"@type":"SearchAction","target":{"@type":"EntryPoint","urlTemplate":"https:\/\/www.hbf67.dk\/?s={search_term_string}"},"query-input":{"@type":"PropertyValueSpecification","valueRequired":true,"valueName":"search_term_string"}}],"inLanguage":"da-DK"}]}},"_links":{"self":[{"href":"https:\/\/www.hbf67.dk\/index.php?rest_route=\/wp\/v2\/pages\/4002","targetHints":{"allow":["GET"]}}],"collection":[{"href":"https:\/\/www.hbf67.dk\/index.php?rest_route=\/wp\/v2\/pages"}],"about":[{"href":"https:\/\/www.hbf67.dk\/index.php?rest_route=\/wp\/v2\/types\/page"}],"author":[{"embeddable":true,"href":"https:\/\/www.hbf67.dk\/index.php?rest_route=\/wp\/v2\/users\/3"}],"replies":[{"embeddable":true,"href":"https:\/\/www.hbf67.dk\/index.php?rest_route=%2Fwp%2Fv2%2Fcomments&post=4002"}],"version-history":[{"count":10,"href":"https:\/\/www.hbf67.dk\/index.php?rest_route=\/wp\/v2\/pages\/4002\/revisions"}],"predecessor-version":[{"id":4018,"href":"https:\/\/www.hbf67.dk\/index.php?rest_route=\/wp\/v2\/pages\/4002\/revisions\/4018"}],"wp:attachment":[{"href":"https:\/\/www.hbf67.dk\/index.php?rest_route=%2Fwp%2Fv2%2Fmedia&parent=4002"}],"curies":[{"name":"wp","href":"https:\/\/api.w.org\/{rel}","templated":true}]}}