{"id":531,"date":"2022-03-18T14:20:00","date_gmt":"2022-03-18T14:20:00","guid":{"rendered":"https:\/\/www.hbf67.dk\/?page_id=531"},"modified":"2025-03-28T12:39:13","modified_gmt":"2025-03-28T10:39:13","slug":"dm-ind-kegler","status":"publish","type":"page","link":"https:\/\/www.hbf67.dk\/?page_id=531","title":{"rendered":"DM &#8211; Kegler Hold 24\/25"},"content":{"rendered":"\n<p class=\"has-text-align-center\"><a href=\"https:\/\/bk-frem.dk\/hold-dm-keglebillard-2024-25-streaming\/?fbclid=IwY2xjawJTVHpleHRuA2FlbQIxMQABHbOcTEn5MSGBauCGI_PaTcWnyfeGQqYnHjPKea1rxSU4CgkHLQCPtGkN0Q_aem_FvcoR0bLammfTJ-40_ythw\">Link til program<\/a><\/p>\n\n\n\n<p class=\"has-text-align-center\"><br>Fredag<\/p>\n\n\n\n<div class=\"wp-block-columns is-layout-flex wp-container-core-columns-is-layout-9d6595d7 wp-block-columns-is-layout-flex\">\n<div class=\"wp-block-column is-layout-flow wp-block-column-is-layout-flow\">\n<figure class=\"wp-block-embed is-type-video is-provider-youtube wp-block-embed-youtube wp-embed-aspect-16-9 wp-has-aspect-ratio\"><div class=\"wp-block-embed__wrapper\">\n<iframe loading=\"lazy\" title=\"DM HOLD Kegler 24\/25 (Bord 5) 1. Mand 28\/3-25\" width=\"640\" height=\"480\" src=\"https:\/\/www.youtube.com\/embed\/1Ys80-Fm3Zg?feature=oembed\" frameborder=\"0\" allow=\"accelerometer; autoplay; clipboard-write; encrypted-media; gyroscope; picture-in-picture; web-share\" referrerpolicy=\"strict-origin-when-cross-origin\" allowfullscreen><\/iframe>\n<\/div><\/figure>\n<\/div>\n\n\n\n<div class=\"wp-block-column is-layout-flow wp-block-column-is-layout-flow\">\n<figure class=\"wp-block-embed is-type-video is-provider-youtube wp-block-embed-youtube wp-embed-aspect-16-9 wp-has-aspect-ratio\"><div class=\"wp-block-embed__wrapper\">\n<iframe loading=\"lazy\" title=\"DM HOLD Kegler 24\/25 (Bord 1) 2. Mand 28\/3-25\" width=\"640\" height=\"480\" src=\"https:\/\/www.youtube.com\/embed\/yGPHeZ-IlL8?feature=oembed\" frameborder=\"0\" allow=\"accelerometer; autoplay; clipboard-write; encrypted-media; gyroscope; picture-in-picture; web-share\" referrerpolicy=\"strict-origin-when-cross-origin\" allowfullscreen><\/iframe>\n<\/div><\/figure>\n<\/div>\n<\/div>\n\n\n\n<div class=\"wp-block-columns is-layout-flex wp-container-core-columns-is-layout-9d6595d7 wp-block-columns-is-layout-flex\">\n<div class=\"wp-block-column is-layout-flow wp-block-column-is-layout-flow\">\n<figure class=\"wp-block-embed is-type-video is-provider-youtube wp-block-embed-youtube wp-embed-aspect-16-9 wp-has-aspect-ratio\"><div class=\"wp-block-embed__wrapper\">\n<iframe loading=\"lazy\" title=\"DM HOLD Kegler 24\/25 (Bord 3) 3. Mand 28\/3-25\" width=\"640\" height=\"480\" src=\"https:\/\/www.youtube.com\/embed\/3oDZevndGqs?feature=oembed\" frameborder=\"0\" allow=\"accelerometer; autoplay; clipboard-write; encrypted-media; gyroscope; picture-in-picture; web-share\" referrerpolicy=\"strict-origin-when-cross-origin\" allowfullscreen><\/iframe>\n<\/div><\/figure>\n<\/div>\n\n\n\n<div class=\"wp-block-column is-layout-flow wp-block-column-is-layout-flow\">\n<figure class=\"wp-block-embed is-type-video is-provider-youtube wp-block-embed-youtube wp-embed-aspect-16-9 wp-has-aspect-ratio\"><div class=\"wp-block-embed__wrapper\">\n<iframe loading=\"lazy\" title=\"DM HOLD Kegler 24\/25 (Bord 2) 4. Mand 28\/3-25\" width=\"640\" height=\"480\" src=\"https:\/\/www.youtube.com\/embed\/OXYlL1SG4BQ?feature=oembed\" frameborder=\"0\" allow=\"accelerometer; autoplay; clipboard-write; encrypted-media; gyroscope; picture-in-picture; web-share\" referrerpolicy=\"strict-origin-when-cross-origin\" allowfullscreen><\/iframe>\n<\/div><\/figure>\n<\/div>\n<\/div>\n\n\n\n<p class=\"has-text-align-center\"><br>L\u00f8rdag<\/p>\n\n\n\n<div class=\"wp-block-columns is-layout-flex wp-container-core-columns-is-layout-9d6595d7 wp-block-columns-is-layout-flex\">\n<div class=\"wp-block-column is-layout-flow wp-block-column-is-layout-flow\">\n<figure class=\"wp-block-embed is-type-video is-provider-youtube wp-block-embed-youtube wp-embed-aspect-16-9 wp-has-aspect-ratio\"><div class=\"wp-block-embed__wrapper\">\n<iframe loading=\"lazy\" title=\"DM HOLD Kegler 24\/25 (Bord 5) 1. Mand 29\/3-25\" width=\"640\" height=\"480\" src=\"https:\/\/www.youtube.com\/embed\/KYEhNBiG0C8?feature=oembed\" frameborder=\"0\" allow=\"accelerometer; autoplay; clipboard-write; encrypted-media; gyroscope; picture-in-picture; web-share\" referrerpolicy=\"strict-origin-when-cross-origin\" allowfullscreen><\/iframe>\n<\/div><\/figure>\n<\/div>\n\n\n\n<div class=\"wp-block-column is-layout-flow wp-block-column-is-layout-flow\">\n<figure class=\"wp-block-embed is-type-video is-provider-youtube wp-block-embed-youtube wp-embed-aspect-16-9 wp-has-aspect-ratio\"><div class=\"wp-block-embed__wrapper\">\n<iframe loading=\"lazy\" title=\"DM HOLD Kegler 24\/25 (Bord 1) 2. Mand 29\/3-25\" width=\"640\" height=\"480\" src=\"https:\/\/www.youtube.com\/embed\/XVZrsRIrcDs?feature=oembed\" frameborder=\"0\" allow=\"accelerometer; autoplay; clipboard-write; encrypted-media; gyroscope; picture-in-picture; web-share\" referrerpolicy=\"strict-origin-when-cross-origin\" allowfullscreen><\/iframe>\n<\/div><\/figure>\n<\/div>\n<\/div>\n\n\n\n<div class=\"wp-block-columns is-layout-flex wp-container-core-columns-is-layout-9d6595d7 wp-block-columns-is-layout-flex\">\n<div class=\"wp-block-column is-layout-flow wp-block-column-is-layout-flow\">\n<figure class=\"wp-block-embed is-type-video is-provider-youtube wp-block-embed-youtube wp-embed-aspect-16-9 wp-has-aspect-ratio\"><div class=\"wp-block-embed__wrapper\">\n<iframe loading=\"lazy\" title=\"DM HOLD Kegler 24\/25 (Bord 3) 3. Mand 29\/3-25\" width=\"640\" height=\"480\" src=\"https:\/\/www.youtube.com\/embed\/SltyEMGO610?feature=oembed\" frameborder=\"0\" allow=\"accelerometer; autoplay; clipboard-write; encrypted-media; gyroscope; picture-in-picture; web-share\" referrerpolicy=\"strict-origin-when-cross-origin\" allowfullscreen><\/iframe>\n<\/div><\/figure>\n<\/div>\n\n\n\n<div class=\"wp-block-column is-layout-flow wp-block-column-is-layout-flow\">\n<figure class=\"wp-block-embed is-type-video is-provider-youtube wp-block-embed-youtube wp-embed-aspect-16-9 wp-has-aspect-ratio\"><div class=\"wp-block-embed__wrapper\">\n<iframe loading=\"lazy\" title=\"DM HOLD Kegler 24\/25 (Bord 2) 4. Mand 29\/3-25\" width=\"640\" height=\"480\" src=\"https:\/\/www.youtube.com\/embed\/JlMowpxeD3E?feature=oembed\" frameborder=\"0\" allow=\"accelerometer; autoplay; clipboard-write; encrypted-media; gyroscope; picture-in-picture; web-share\" referrerpolicy=\"strict-origin-when-cross-origin\" allowfullscreen><\/iframe>\n<\/div><\/figure>\n<\/div>\n<\/div>\n\n\n\n<h2 class=\"wp-block-heading alignwide has-text-align-center\"><br>HUSK at st\u00f8tte vores sponsor &#8211; De st\u00f8tter os<\/h2>\n\n\n<div class=\"wp-block-image\">\n<figure class=\"aligncenter size-large\"><a href=\"https:\/\/www.hbf67.dk\/wp-content\/uploads\/2024\/02\/JK-EL-1920_240.png\"><img loading=\"lazy\" decoding=\"async\" width=\"1024\" height=\"128\" src=\"https:\/\/www.hbf67.dk\/wp-content\/uploads\/2024\/02\/JK-EL-1920_240-1024x128.png\" alt=\"\" class=\"wp-image-3086\" srcset=\"https:\/\/www.hbf67.dk\/wp-content\/uploads\/2024\/02\/JK-EL-1920_240-1024x128.png 1024w, https:\/\/www.hbf67.dk\/wp-content\/uploads\/2024\/02\/JK-EL-1920_240-300x38.png 300w, https:\/\/www.hbf67.dk\/wp-content\/uploads\/2024\/02\/JK-EL-1920_240-768x96.png 768w, https:\/\/www.hbf67.dk\/wp-content\/uploads\/2024\/02\/JK-EL-1920_240-1536x192.png 1536w, https:\/\/www.hbf67.dk\/wp-content\/uploads\/2024\/02\/JK-EL-1920_240.png 1920w\" sizes=\"auto, (max-width: 1024px) 100vw, 1024px\" \/><\/a><\/figure>\n<\/div>\n\n<div class=\"wp-block-image\">\n<figure class=\"aligncenter size-large\"><img loading=\"lazy\" decoding=\"async\" width=\"1024\" height=\"128\" src=\"https:\/\/www.hbf67.dk\/wp-content\/uploads\/2024\/02\/Prima-Revision-logo1920_240-1024x128.png\" alt=\"\" class=\"wp-image-3079\" srcset=\"https:\/\/www.hbf67.dk\/wp-content\/uploads\/2024\/02\/Prima-Revision-logo1920_240-1024x128.png 1024w, https:\/\/www.hbf67.dk\/wp-content\/uploads\/2024\/02\/Prima-Revision-logo1920_240-300x38.png 300w, https:\/\/www.hbf67.dk\/wp-content\/uploads\/2024\/02\/Prima-Revision-logo1920_240-768x96.png 768w, https:\/\/www.hbf67.dk\/wp-content\/uploads\/2024\/02\/Prima-Revision-logo1920_240-1536x192.png 1536w, https:\/\/www.hbf67.dk\/wp-content\/uploads\/2024\/02\/Prima-Revision-logo1920_240.png 1920w\" sizes=\"auto, (max-width: 1024px) 100vw, 1024px\" \/><\/figure>\n<\/div>\n\n<div class=\"wp-block-image\">\n<figure class=\"aligncenter size-large\"><img loading=\"lazy\" decoding=\"async\" width=\"1024\" height=\"128\" src=\"https:\/\/www.hbf67.dk\/wp-content\/uploads\/2024\/02\/htu-1920_240-1024x128.png\" alt=\"\" class=\"wp-image-3085\" srcset=\"https:\/\/www.hbf67.dk\/wp-content\/uploads\/2024\/02\/htu-1920_240-1024x128.png 1024w, https:\/\/www.hbf67.dk\/wp-content\/uploads\/2024\/02\/htu-1920_240-300x38.png 300w, https:\/\/www.hbf67.dk\/wp-content\/uploads\/2024\/02\/htu-1920_240-768x96.png 768w, https:\/\/www.hbf67.dk\/wp-content\/uploads\/2024\/02\/htu-1920_240-1536x192.png 1536w, https:\/\/www.hbf67.dk\/wp-content\/uploads\/2024\/02\/htu-1920_240.png 1920w\" sizes=\"auto, (max-width: 1024px) 100vw, 1024px\" \/><\/figure>\n<\/div>\n\n<div class=\"wp-block-image\">\n<figure class=\"aligncenter size-large\"><img loading=\"lazy\" decoding=\"async\" width=\"1024\" height=\"128\" src=\"https:\/\/www.hbf67.dk\/wp-content\/uploads\/2024\/02\/EDC-logo-1920_240-1024x128.png\" alt=\"\" class=\"wp-image-3083\" srcset=\"https:\/\/www.hbf67.dk\/wp-content\/uploads\/2024\/02\/EDC-logo-1920_240-1024x128.png 1024w, https:\/\/www.hbf67.dk\/wp-content\/uploads\/2024\/02\/EDC-logo-1920_240-300x38.png 300w, https:\/\/www.hbf67.dk\/wp-content\/uploads\/2024\/02\/EDC-logo-1920_240-768x96.png 768w, https:\/\/www.hbf67.dk\/wp-content\/uploads\/2024\/02\/EDC-logo-1920_240-1536x192.png 1536w, https:\/\/www.hbf67.dk\/wp-content\/uploads\/2024\/02\/EDC-logo-1920_240.png 1920w\" sizes=\"auto, (max-width: 1024px) 100vw, 1024px\" \/><\/figure>\n<\/div>\n\n<div class=\"wp-block-image\">\n<figure class=\"aligncenter size-large\"><img loading=\"lazy\" decoding=\"async\" width=\"1024\" height=\"128\" src=\"https:\/\/www.hbf67.dk\/wp-content\/uploads\/2024\/02\/SUPERBRUGSEN-1920_240-1024x128.png\" alt=\"\" class=\"wp-image-3080\" srcset=\"https:\/\/www.hbf67.dk\/wp-content\/uploads\/2024\/02\/SUPERBRUGSEN-1920_240-1024x128.png 1024w, https:\/\/www.hbf67.dk\/wp-content\/uploads\/2024\/02\/SUPERBRUGSEN-1920_240-300x38.png 300w, https:\/\/www.hbf67.dk\/wp-content\/uploads\/2024\/02\/SUPERBRUGSEN-1920_240-768x96.png 768w, https:\/\/www.hbf67.dk\/wp-content\/uploads\/2024\/02\/SUPERBRUGSEN-1920_240-1536x192.png 1536w, https:\/\/www.hbf67.dk\/wp-content\/uploads\/2024\/02\/SUPERBRUGSEN-1920_240.png 1920w\" sizes=\"auto, (max-width: 1024px) 100vw, 1024px\" \/><\/figure>\n<\/div>\n\n\n<figure class=\"wp-block-gallery aligncenter has-nested-images columns-default is-cropped wp-block-gallery-1 is-layout-flex wp-block-gallery-is-layout-flex\">\n<figure class=\"wp-block-image size-large\"><img loading=\"lazy\" decoding=\"async\" width=\"1024\" height=\"128\" data-id=\"3081\" src=\"https:\/\/www.hbf67.dk\/wp-content\/uploads\/2024\/02\/Bilhuset-1920_240-1024x128.png\" alt=\"\" class=\"wp-image-3081\" srcset=\"https:\/\/www.hbf67.dk\/wp-content\/uploads\/2024\/02\/Bilhuset-1920_240-1024x128.png 1024w, https:\/\/www.hbf67.dk\/wp-content\/uploads\/2024\/02\/Bilhuset-1920_240-300x38.png 300w, https:\/\/www.hbf67.dk\/wp-content\/uploads\/2024\/02\/Bilhuset-1920_240-768x96.png 768w, https:\/\/www.hbf67.dk\/wp-content\/uploads\/2024\/02\/Bilhuset-1920_240-1536x192.png 1536w, https:\/\/www.hbf67.dk\/wp-content\/uploads\/2024\/02\/Bilhuset-1920_240.png 1920w\" sizes=\"auto, (max-width: 1024px) 100vw, 1024px\" \/><\/figure>\n\n\n\n<figure class=\"wp-block-image size-large\"><img loading=\"lazy\" decoding=\"async\" width=\"1024\" height=\"128\" data-id=\"3082\" src=\"https:\/\/www.hbf67.dk\/wp-content\/uploads\/2024\/02\/Din-toejmand-1920_240-1024x128.png\" alt=\"\" class=\"wp-image-3082\" srcset=\"https:\/\/www.hbf67.dk\/wp-content\/uploads\/2024\/02\/Din-toejmand-1920_240-1024x128.png 1024w, https:\/\/www.hbf67.dk\/wp-content\/uploads\/2024\/02\/Din-toejmand-1920_240-300x38.png 300w, https:\/\/www.hbf67.dk\/wp-content\/uploads\/2024\/02\/Din-toejmand-1920_240-768x96.png 768w, https:\/\/www.hbf67.dk\/wp-content\/uploads\/2024\/02\/Din-toejmand-1920_240-1536x192.png 1536w, https:\/\/www.hbf67.dk\/wp-content\/uploads\/2024\/02\/Din-toejmand-1920_240.png 1920w\" sizes=\"auto, (max-width: 1024px) 100vw, 1024px\" \/><\/figure>\n<\/figure>\n\n\n\n<figure class=\"wp-block-gallery aligncenter has-nested-images columns-default is-cropped wp-block-gallery-2 is-layout-flex wp-block-gallery-is-layout-flex\">\n<figure class=\"wp-block-image size-large\"><img loading=\"lazy\" decoding=\"async\" width=\"1024\" height=\"128\" data-id=\"3084\" src=\"https:\/\/www.hbf67.dk\/wp-content\/uploads\/2024\/02\/Erling-1920_240-1024x128.png\" alt=\"\" class=\"wp-image-3084\" srcset=\"https:\/\/www.hbf67.dk\/wp-content\/uploads\/2024\/02\/Erling-1920_240-1024x128.png 1024w, https:\/\/www.hbf67.dk\/wp-content\/uploads\/2024\/02\/Erling-1920_240-300x38.png 300w, https:\/\/www.hbf67.dk\/wp-content\/uploads\/2024\/02\/Erling-1920_240-768x96.png 768w, https:\/\/www.hbf67.dk\/wp-content\/uploads\/2024\/02\/Erling-1920_240-1536x192.png 1536w, https:\/\/www.hbf67.dk\/wp-content\/uploads\/2024\/02\/Erling-1920_240.png 1920w\" sizes=\"auto, (max-width: 1024px) 100vw, 1024px\" \/><\/figure>\n\n\n\n<figure class=\"wp-block-image size-large\"><img loading=\"lazy\" decoding=\"async\" width=\"1024\" height=\"128\" data-id=\"3087\" src=\"https:\/\/www.hbf67.dk\/wp-content\/uploads\/2024\/02\/Lykke-cykler-1920_240-1024x128.png\" alt=\"\" class=\"wp-image-3087\" srcset=\"https:\/\/www.hbf67.dk\/wp-content\/uploads\/2024\/02\/Lykke-cykler-1920_240-1024x128.png 1024w, https:\/\/www.hbf67.dk\/wp-content\/uploads\/2024\/02\/Lykke-cykler-1920_240-300x38.png 300w, https:\/\/www.hbf67.dk\/wp-content\/uploads\/2024\/02\/Lykke-cykler-1920_240-768x96.png 768w, https:\/\/www.hbf67.dk\/wp-content\/uploads\/2024\/02\/Lykke-cykler-1920_240-1536x192.png 1536w, https:\/\/www.hbf67.dk\/wp-content\/uploads\/2024\/02\/Lykke-cykler-1920_240.png 1920w\" sizes=\"auto, (max-width: 1024px) 100vw, 1024px\" \/><\/figure>\n<\/figure>\n\n\n\n<div class=\"wp-block-columns alignfull has-white-color has-text-color has-background is-layout-flex wp-container-core-columns-is-layout-9d6595d7 wp-block-columns-is-layout-flex\" style=\"background:linear-gradient(0deg,rgb(43,75,75) 0%,rgb(43,75,75) 100%)\">\n<div class=\"wp-block-column is-layout-flow wp-block-column-is-layout-flow\">\n<h5 class=\"wp-block-heading\"><\/h5>\n\n\n\n<blockquote class=\"wp-block-quote has-medium-font-size is-layout-flow wp-block-quote-is-layout-flow\">\n<p><\/p>\n<\/blockquote>\n<\/div>\n\n\n\n<div class=\"wp-block-column is-layout-flow wp-block-column-is-layout-flow\">\n<h5 class=\"wp-block-heading\"><\/h5>\n\n\n\n<blockquote class=\"wp-block-quote has-medium-font-size is-layout-flow wp-block-quote-is-layout-flow\">\n<p><\/p>\n<\/blockquote>\n<\/div>\n\n\n\n<div class=\"wp-block-column is-layout-flow wp-block-column-is-layout-flow\">\n<h5 class=\"wp-block-heading\"><\/h5>\n\n\n\n<blockquote class=\"wp-block-quote has-medium-font-size is-layout-flow wp-block-quote-is-layout-flow\">\n<p><\/p>\n<\/blockquote>\n<\/div>\n<\/div>\n\n\n\n<div class=\"wp-block-columns alignwide are-vertically-aligned-center is-layout-flex wp-container-core-columns-is-layout-9d6595d7 wp-block-columns-is-layout-flex\">\n<div class=\"wp-block-column is-vertically-aligned-center is-layout-flow wp-block-column-is-layout-flow\"><\/div>\n<\/div>\n","protected":false},"excerpt":{"rendered":"<p>Link til program Fredag L\u00f8rdag HUSK at st\u00f8tte vores sponsor &#8211; De st\u00f8tter os<\/p>\n","protected":false},"author":1,"featured_media":0,"parent":0,"menu_order":0,"comment_status":"closed","ping_status":"closed","template":"","meta":{"footnotes":""},"class_list":["post-531","page","type-page","status-publish","hentry"],"yoast_head":"<!-- This site is optimized with the Yoast SEO plugin v27.2 - https:\/\/yoast.com\/product\/yoast-seo-wordpress\/ -->\n<title>DM - Kegler Hold 24\/25 - Hvals\u00f8 Billard Forening<\/title>\n<meta name=\"robots\" content=\"index, follow, max-snippet:-1, max-image-preview:large, max-video-preview:-1\" \/>\n<link rel=\"canonical\" href=\"https:\/\/www.hbf67.dk\/?page_id=531\" \/>\n<meta property=\"og:locale\" content=\"da_DK\" \/>\n<meta property=\"og:type\" content=\"article\" \/>\n<meta property=\"og:title\" content=\"Danmarksmesterskabet 2021\/22 keglebillard for Herre og Kvinder\" \/>\n<meta property=\"og:description\" content=\"Se alle 4 borde + kommentatorbordet her samtidigt\" \/>\n<meta property=\"og:url\" content=\"https:\/\/www.hbf67.dk\/?page_id=531\" \/>\n<meta property=\"og:site_name\" content=\"Hvals\u00f8 Billard Forening\" \/>\n<meta property=\"article:modified_time\" content=\"2025-03-28T10:39:13+00:00\" \/>\n<meta property=\"og:image\" content=\"https:\/\/www.hbf67.dk\/wp-content\/uploads\/2022\/04\/DDBU_Logo.jpg\" \/>\n\t<meta property=\"og:image:width\" content=\"512\" \/>\n\t<meta property=\"og:image:height\" content=\"512\" \/>\n\t<meta property=\"og:image:type\" content=\"image\/jpeg\" \/>\n<meta name=\"twitter:card\" content=\"summary_large_image\" \/>\n<meta name=\"twitter:label1\" content=\"Estimeret l\u00e6setid\" \/>\n\t<meta name=\"twitter:data1\" content=\"2 minutter\" \/>\n<script type=\"application\/ld+json\" class=\"yoast-schema-graph\">{\"@context\":\"https:\/\/schema.org\",\"@graph\":[{\"@type\":\"WebPage\",\"@id\":\"https:\/\/www.hbf67.dk\/?page_id=531\",\"url\":\"https:\/\/www.hbf67.dk\/?page_id=531\",\"name\":\"DM - Kegler Hold 24\/25 - Hvals\u00f8 Billard Forening\",\"isPartOf\":{\"@id\":\"https:\/\/www.hbf67.dk\/#website\"},\"primaryImageOfPage\":{\"@id\":\"https:\/\/www.hbf67.dk\/?page_id=531#primaryimage\"},\"image\":{\"@id\":\"https:\/\/www.hbf67.dk\/?page_id=531#primaryimage\"},\"thumbnailUrl\":\"https:\/\/www.hbf67.dk\/wp-content\/uploads\/2024\/02\/JK-EL-1920_240-1024x128.png\",\"datePublished\":\"2022-03-18T14:20:00+00:00\",\"dateModified\":\"2025-03-28T10:39:13+00:00\",\"breadcrumb\":{\"@id\":\"https:\/\/www.hbf67.dk\/?page_id=531#breadcrumb\"},\"inLanguage\":\"da-DK\",\"potentialAction\":[{\"@type\":\"ReadAction\",\"target\":[\"https:\/\/www.hbf67.dk\/?page_id=531\"]}]},{\"@type\":\"ImageObject\",\"inLanguage\":\"da-DK\",\"@id\":\"https:\/\/www.hbf67.dk\/?page_id=531#primaryimage\",\"url\":\"https:\/\/www.hbf67.dk\/wp-content\/uploads\/2024\/02\/JK-EL-1920_240.png\",\"contentUrl\":\"https:\/\/www.hbf67.dk\/wp-content\/uploads\/2024\/02\/JK-EL-1920_240.png\",\"width\":1920,\"height\":240},{\"@type\":\"BreadcrumbList\",\"@id\":\"https:\/\/www.hbf67.dk\/?page_id=531#breadcrumb\",\"itemListElement\":[{\"@type\":\"ListItem\",\"position\":1,\"name\":\"Hjem\",\"item\":\"https:\/\/www.hbf67.dk\/\"},{\"@type\":\"ListItem\",\"position\":2,\"name\":\"DM &#8211; Kegler Hold 24\/25\"}]},{\"@type\":\"WebSite\",\"@id\":\"https:\/\/www.hbf67.dk\/#website\",\"url\":\"https:\/\/www.hbf67.dk\/\",\"name\":\"Hvals\u00f8 Billard Forening\",\"description\":\"\",\"potentialAction\":[{\"@type\":\"SearchAction\",\"target\":{\"@type\":\"EntryPoint\",\"urlTemplate\":\"https:\/\/www.hbf67.dk\/?s={search_term_string}\"},\"query-input\":{\"@type\":\"PropertyValueSpecification\",\"valueRequired\":true,\"valueName\":\"search_term_string\"}}],\"inLanguage\":\"da-DK\"}]}<\/script>\n<!-- \/ Yoast SEO plugin. -->","yoast_head_json":{"title":"DM - Kegler Hold 24\/25 - Hvals\u00f8 Billard Forening","robots":{"index":"index","follow":"follow","max-snippet":"max-snippet:-1","max-image-preview":"max-image-preview:large","max-video-preview":"max-video-preview:-1"},"canonical":"https:\/\/www.hbf67.dk\/?page_id=531","og_locale":"da_DK","og_type":"article","og_title":"Danmarksmesterskabet 2021\/22 keglebillard for Herre og Kvinder","og_description":"Se alle 4 borde + kommentatorbordet her samtidigt","og_url":"https:\/\/www.hbf67.dk\/?page_id=531","og_site_name":"Hvals\u00f8 Billard Forening","article_modified_time":"2025-03-28T10:39:13+00:00","og_image":[{"width":512,"height":512,"url":"https:\/\/www.hbf67.dk\/wp-content\/uploads\/2022\/04\/DDBU_Logo.jpg","type":"image\/jpeg"}],"twitter_card":"summary_large_image","twitter_misc":{"Estimeret l\u00e6setid":"2 minutter"},"schema":{"@context":"https:\/\/schema.org","@graph":[{"@type":"WebPage","@id":"https:\/\/www.hbf67.dk\/?page_id=531","url":"https:\/\/www.hbf67.dk\/?page_id=531","name":"DM - Kegler Hold 24\/25 - Hvals\u00f8 Billard Forening","isPartOf":{"@id":"https:\/\/www.hbf67.dk\/#website"},"primaryImageOfPage":{"@id":"https:\/\/www.hbf67.dk\/?page_id=531#primaryimage"},"image":{"@id":"https:\/\/www.hbf67.dk\/?page_id=531#primaryimage"},"thumbnailUrl":"https:\/\/www.hbf67.dk\/wp-content\/uploads\/2024\/02\/JK-EL-1920_240-1024x128.png","datePublished":"2022-03-18T14:20:00+00:00","dateModified":"2025-03-28T10:39:13+00:00","breadcrumb":{"@id":"https:\/\/www.hbf67.dk\/?page_id=531#breadcrumb"},"inLanguage":"da-DK","potentialAction":[{"@type":"ReadAction","target":["https:\/\/www.hbf67.dk\/?page_id=531"]}]},{"@type":"ImageObject","inLanguage":"da-DK","@id":"https:\/\/www.hbf67.dk\/?page_id=531#primaryimage","url":"https:\/\/www.hbf67.dk\/wp-content\/uploads\/2024\/02\/JK-EL-1920_240.png","contentUrl":"https:\/\/www.hbf67.dk\/wp-content\/uploads\/2024\/02\/JK-EL-1920_240.png","width":1920,"height":240},{"@type":"BreadcrumbList","@id":"https:\/\/www.hbf67.dk\/?page_id=531#breadcrumb","itemListElement":[{"@type":"ListItem","position":1,"name":"Hjem","item":"https:\/\/www.hbf67.dk\/"},{"@type":"ListItem","position":2,"name":"DM &#8211; Kegler Hold 24\/25"}]},{"@type":"WebSite","@id":"https:\/\/www.hbf67.dk\/#website","url":"https:\/\/www.hbf67.dk\/","name":"Hvals\u00f8 Billard Forening","description":"","potentialAction":[{"@type":"SearchAction","target":{"@type":"EntryPoint","urlTemplate":"https:\/\/www.hbf67.dk\/?s={search_term_string}"},"query-input":{"@type":"PropertyValueSpecification","valueRequired":true,"valueName":"search_term_string"}}],"inLanguage":"da-DK"}]}},"_links":{"self":[{"href":"https:\/\/www.hbf67.dk\/index.php?rest_route=\/wp\/v2\/pages\/531","targetHints":{"allow":["GET"]}}],"collection":[{"href":"https:\/\/www.hbf67.dk\/index.php?rest_route=\/wp\/v2\/pages"}],"about":[{"href":"https:\/\/www.hbf67.dk\/index.php?rest_route=\/wp\/v2\/types\/page"}],"author":[{"embeddable":true,"href":"https:\/\/www.hbf67.dk\/index.php?rest_route=\/wp\/v2\/users\/1"}],"replies":[{"embeddable":true,"href":"https:\/\/www.hbf67.dk\/index.php?rest_route=%2Fwp%2Fv2%2Fcomments&post=531"}],"version-history":[{"count":14,"href":"https:\/\/www.hbf67.dk\/index.php?rest_route=\/wp\/v2\/pages\/531\/revisions"}],"predecessor-version":[{"id":3928,"href":"https:\/\/www.hbf67.dk\/index.php?rest_route=\/wp\/v2\/pages\/531\/revisions\/3928"}],"wp:attachment":[{"href":"https:\/\/www.hbf67.dk\/index.php?rest_route=%2Fwp%2Fv2%2Fmedia&parent=531"}],"curies":[{"name":"wp","href":"https:\/\/api.w.org\/{rel}","templated":true}]}}