{"id":72,"date":"2022-02-26T01:14:37","date_gmt":"2022-02-26T01:14:37","guid":{"rendered":"https:\/\/www.hbf67.dk\/?page_id=72"},"modified":"2022-02-26T01:14:37","modified_gmt":"2022-02-26T01:14:37","slug":"startsiden","status":"publish","type":"page","link":"https:\/\/www.hbf67.dk\/?page_id=72","title":{"rendered":"News 21\/22"},"content":{"rendered":"\n<div class=\"wp-block-columns alignfull has-white-color has-text-color has-background is-layout-flex wp-container-core-columns-is-layout-9d6595d7 wp-block-columns-is-layout-flex\" style=\"background:linear-gradient(135deg,rgb(47,79,79) 0%,rgb(47,79,79) 100%)\">\n<div class=\"wp-block-column is-layout-flow wp-block-column-is-layout-flow\">\n<h2 class=\"wp-block-heading\"><\/h2>\n\n\n\n<p><br><\/p>\n\n\n\n<hr class=\"wp-block-separator is-style-wide\"\/>\n<\/div>\n\n\n\n<div class=\"wp-block-column is-layout-flow wp-block-column-is-layout-flow\">\n<h2 class=\"wp-block-heading\"><\/h2>\n\n\n\n<p><br><\/p>\n\n\n\n<hr class=\"wp-block-separator is-style-wide\"\/>\n<\/div>\n\n\n\n<div class=\"wp-block-column is-layout-flow wp-block-column-is-layout-flow\">\n<h2 class=\"wp-block-heading\">Heidi vinder Ladiescuppen 2021\/22<\/h2>\n\n\n\n<p>Heidi \u00d8land Hansen vandt ladiecup i Asaa her i l\u00f8rdags den 7\/5<br><a href=\"https:\/\/spiller.ddbu-admin.dk\/?m=28&amp;id=1296&amp;saeson=2122\" target=\"_blank\" rel=\"noreferrer noopener nofollow\">LINK<\/a><br><\/p>\n\n\n\n<figure class=\"wp-block-image\"><img decoding=\"async\" src=\"https:\/\/scontent.fcph3-1.fna.fbcdn.net\/v\/t39.30808-6\/280025783_10227860867451394_4893503718084230566_n.jpg?stp=dst-jpg_p180x540&amp;_nc_cat=106&amp;ccb=1-6&amp;_nc_sid=8bfeb9&amp;_nc_ohc=pFEwnF7Fn7IAX_UF8Tq&amp;_nc_ht=scontent.fcph3-1.fna&amp;oh=00_AT8_AOLY_7E5dbY5CfKJPkck0esGJZRzKBLzQ9nSB_EhGg&amp;oe=627F02F4\" alt=\"Kan v\u00e6re et billede af 1 person, spiller billard og indend\u00f8rs\"\/><\/figure>\n<\/div>\n<\/div>\n\n\n\n<div class=\"wp-block-columns alignfull has-white-color has-text-color has-background is-layout-flex wp-container-core-columns-is-layout-9d6595d7 wp-block-columns-is-layout-flex\" style=\"background:linear-gradient(135deg,rgb(47,79,79) 0%,rgb(47,79,79) 100%)\">\n<div class=\"wp-block-column is-layout-flow wp-block-column-is-layout-flow\">\n<h2 class=\"wp-block-heading\">Heidi videre til Senior CUP finalen<\/h2>\n\n\n\n<p>Heidi \u00d8land Hansen spillede sig videre til Senior CUP finalen den 14 maj i Svinninge, ved at blive nummer 2 til Regionsfinalen i Kors\u00f8r<br><a href=\"https:\/\/spiller.ddbu-admin.dk\/pdf_filer\/2122\/cupper\/prog_1314.pdf\" target=\"_blank\" rel=\"noreferrer noopener nofollow\">LINK<\/a><\/p>\n\n\n\n<hr class=\"wp-block-separator is-style-wide\"\/>\n\n\n\n<h2 class=\"wp-block-heading\">Landsfinale l\u00f8rdag den 30\/4<\/h2>\n\n\n\n<p><em>Flemming Johnsen<\/em> spiller landsfinale i Klasse C hjemme p\u00e5 l\u00f8rdag den 30\/4 kl. 11:00<br><br>Det blev en flot 3. plads til Flemming<\/p>\n\n\n\n<p>1 Sonnich Lindqvist &#8211; \u00d8lstykke BK<br>2 Knud Nissen &#8211; BK Frem<br>3 Flemming Johnsen &#8211; Hvals\u00f8 BF<br>4 J\u00f8rgen Jensen &#8211; Bov BK<\/p>\n\n\n\n<figure class=\"wp-block-image size-full\"><img loading=\"lazy\" decoding=\"async\" width=\"1024\" height=\"768\" src=\"https:\/\/www.hbf67.dk\/wp-content\/uploads\/IMG_00431.jpg\" alt=\"\" class=\"wp-image-986\"\/><\/figure>\n\n\n\n<hr class=\"wp-block-separator is-style-wide\"\/>\n<\/div>\n\n\n\n<div class=\"wp-block-column is-layout-flow wp-block-column-is-layout-flow\">\n<h2 class=\"wp-block-heading\">DM &#8211; Kegler 2021\/22<\/h2>\n\n\n\n<p><em>Marianne Andersen <\/em>m\u00e5tte se sig sl\u00e5et i semifinalen af <em>Susanne Vennersdorf<\/em> Viborg, men kommer hjem med en flot 4. plads<br><\/p>\n\n\n\n<div class=\"wp-block-image\"><figure class=\"aligncenter size-large\"><img loading=\"lazy\" decoding=\"async\" width=\"768\" height=\"1024\" src=\"https:\/\/www.hbf67.dk\/wp-content\/uploads\/DM-Kvinder-2022-768x1024.jpg\" alt=\"\" class=\"wp-image-990\"\/><\/figure><\/div>\n\n\n\n<p>Og et stort tillykke til Charlotte S\u00f8rensen &amp; Johnny Hansen med DM sejren \ud83c\udfc6<br><\/p>\n\n\n\n<div class=\"wp-block-image\"><figure class=\"aligncenter size-large\"><img loading=\"lazy\" decoding=\"async\" width=\"768\" height=\"1024\" src=\"https:\/\/www.hbf67.dk\/wp-content\/uploads\/DM-Herre-2022-768x1024.jpg\" alt=\"\" class=\"wp-image-991\"\/><\/figure><\/div>\n\n\n\n<hr class=\"wp-block-separator is-style-wide\"\/>\n<\/div>\n\n\n\n<div class=\"wp-block-column is-layout-flow wp-block-column-is-layout-flow\">\n<h2 class=\"wp-block-heading\">Ladiescup RF f\u00f8r knock-out<\/h2>\n\n\n\n<p><em>Heidi \u00d8land Hansen <\/em>bliver nummer 4 til Regions finalen i Ladiescup<br>1 Mette Thorhauge S\u00f8nderstg\u00e5rd N\u00e6stved BK<br>2 Tina De Blanck Gersagerparken  <br>3 Helle Hansen Vildtbaneg\u00e5rd II <br>4 Heidi \u00d8land Hansen Hvals\u00f8 BF <\/p>\n\n\n\n<figure class=\"wp-block-image size-large is-style-default\"><img loading=\"lazy\" decoding=\"async\" width=\"1024\" height=\"768\" src=\"https:\/\/www.hbf67.dk\/wp-content\/uploads\/3753457155579315425-1024x768.jpg\" alt=\"\" class=\"wp-image-757\"\/><\/figure>\n\n\n\n<p><br><\/p>\n<\/div>\n<\/div>\n\n\n\n<div class=\"wp-block-columns alignfull has-white-color has-text-color has-background is-layout-flex wp-container-core-columns-is-layout-9d6595d7 wp-block-columns-is-layout-flex\" style=\"background:linear-gradient(135deg,rgb(47,79,79) 0%,rgb(47,79,79) 100%)\">\n<div class=\"wp-block-column is-layout-flow wp-block-column-is-layout-flow\">\n<h3 class=\"wp-block-heading\" style=\"font-size:24px;line-height:1.3\">DM &#8211; Kegler 2021\/22<\/h3>\n\n\n\n<p>DM 2021\/22 Kegler for Herre og Kvinder<br>Se alle 4 borde + kommentator-bordet samtidigt her p\u00e5 HBF67&#8217;s hjemmeside<br><br><a href=\"https:\/\/www.hbf67.dk\/?page_id=531\" target=\"_blank\" rel=\"noreferrer noopener nofollow\">LINK<\/a><\/p>\n\n\n\n<p><br>Fredag den 8. april 2022 kl. 11.00<br>L\u00f8rdag den 9. april 2022 kl. 09.00<br>S\u00f8ndag den 10. april 2022 kl. 10.00<\/p>\n\n\n\n<hr class=\"wp-block-separator is-style-wide\"\/>\n<\/div>\n\n\n\n<div class=\"wp-block-column is-layout-flow wp-block-column-is-layout-flow\">\n<h3 class=\"wp-block-heading\" style=\"font-size:24px;line-height:1.3\">GULD til Flemming i regionsfinalen i Kl. C<\/h3>\n\n\n\n<p><em>Flemming Johnsen <\/em>vinder GULD i Kl. C. <br>3 spiller vinder hver 2 kampe og det er snittet som afg\u00f8re f\u00f8rste, anden og tredje pladsen.<br>Her vinder Flemming med 16,97 mod 13,84 og 13,15.<br><a href=\"https:\/\/spiller.ddbu-admin.dk\/?m=1010&amp;tnr=92&amp;saeson=2122\">LINK<\/a><br><br>Landsfinalen spilles den. 30 april og det ser ud til at Flemming f\u00e5r hjemmebane<br><\/p>\n\n\n\n<figure class=\"wp-block-image size-large\"><img loading=\"lazy\" decoding=\"async\" width=\"1024\" height=\"768\" src=\"https:\/\/www.hbf67.dk\/wp-content\/uploads\/billede-4-1024x768.png\" alt=\"\" class=\"wp-image-600\"\/><\/figure>\n\n\n\n<hr class=\"wp-block-separator is-style-wide\"\/>\n<\/div>\n\n\n\n<div class=\"wp-block-column is-layout-flow wp-block-column-is-layout-flow\">\n<h3 class=\"wp-block-heading\" style=\"font-size:24px;line-height:1.3\">DM &#8211; Hold Kegler 2021\/22<\/h3>\n\n\n\n<p class=\"has-medium-font-size\">Stort tillykke til Bristrol<br><\/p>\n\n\n\n<figure class=\"wp-block-image size-full\"><img loading=\"lazy\" decoding=\"async\" width=\"830\" height=\"741\" src=\"https:\/\/www.hbf67.dk\/wp-content\/uploads\/billede-5.png\" alt=\"\" class=\"wp-image-604\"\/><\/figure>\n<\/div>\n<\/div>\n\n\n\n<div class=\"wp-block-columns alignfull has-white-color has-text-color has-background is-layout-flex wp-container-core-columns-is-layout-9d6595d7 wp-block-columns-is-layout-flex\" style=\"background:linear-gradient(135deg,rgb(47,79,79) 0%,rgb(47,79,79) 100%)\">\n<div class=\"wp-block-column is-layout-flow wp-block-column-is-layout-flow\">\n<h3 class=\"wp-block-heading\" style=\"font-size:24px;line-height:1.3\">DM &#8211; Kegler 2021\/22<\/h3>\n\n\n\n<p><em>Marianne Andersen <\/em>skal med til DM 2021\/22 som bliver afviklet i Asaa<br>Fredag den 8. april 2022 kl. 11.00<br>L\u00f8rdag den 9. april 2022 kl. 09.00<br>S\u00f8ndag den 10. april 2022 kl. 10.00  <br>Vi h\u00e5ber p\u00e5 metal igen i \u00e5r. <br>Der kommer streaming her p\u00e5 hbf67, n\u00e5r Youtube links er gjort klar fra DDBU&#8217;s side<br><a href=\"https:\/\/www.hbf67.dk\/?page_id=531\" rel=\"nofollow\">LINK<\/a><\/p>\n\n\n\n<hr class=\"wp-block-separator is-style-wide\"\/>\n<\/div>\n\n\n\n<div class=\"wp-block-column is-layout-flow wp-block-column-is-layout-flow\">\n<h3 class=\"wp-block-heading\" style=\"font-size:24px;line-height:1.3\">Bertil vinder s\u00f8lv i Klasse M i landsfinalen<br><a href=\"https:\/\/spiller.ddbu-admin.dk\/?m=1010&amp;tnr=192&amp;saeson=2122\" target=\"_blank\" rel=\"noreferrer noopener\">LINK<\/a><\/h3>\n\n\n\n<figure class=\"wp-block-image\"><img decoding=\"async\" src=\"https:\/\/dec5d6x1eivq1.cloudfront.net\/uploads\/2022\/03\/zrg0cerryghsxq4vpfoqewdowgk-930x523.jpg\" alt=\"Jack Lassesen, Aars, Sebastian Hedengran, Odense , Bertil Petersen, Hvals\u00f8 og Mick J\u00f8rgensen, N\u00e6stved\"\/><\/figure>\n\n\n\n<hr class=\"wp-block-separator is-style-wide\"\/>\n<\/div>\n\n\n\n<div class=\"wp-block-column is-layout-flow wp-block-column-is-layout-flow\">\n<h3 class=\"wp-block-heading\" style=\"font-size:24px;line-height:1.3\">INDIVIDUEL KEGLEBILLARD<br>KLASSE M \u2013 LANDSFINALE<\/h3>\n\n\n\n<p><em>Bertil Petersen <\/em>er med en flot anden plads i Regionsfinalen, g\u00e5et videre til Landsfinalen som bliver spillet i Aars den 26 marts kl. 11 <br><a href=\"https:\/\/spiller.ddbu-admin.dk\/pdf_filer\/2122\/lf\/147_11.pdf\" target=\"_blank\" rel=\"noreferrer noopener nofollow\">LINK<\/a><\/p>\n<\/div>\n<\/div>\n\n\n\n<div class=\"wp-block-columns alignfull has-white-color has-text-color has-background is-layout-flex wp-container-core-columns-is-layout-9d6595d7 wp-block-columns-is-layout-flex\" style=\"background:linear-gradient(135deg,rgb(47,79,79) 0%,rgb(47,79,79) 100%)\">\n<div class=\"wp-block-column is-layout-flow wp-block-column-is-layout-flow\">\n<h2 class=\"wp-block-heading\">INDIVIDUEL KEGLEBILLARD<br>KLASSE C \u2013 REGIONSFINALE<\/h2>\n\n\n\n<p><br><em>Flemming Johnsen <\/em>vinder sin pulje og er dermed i Regionsfinalen i klasse C.<br>Og <em>Flemming <\/em>f\u00e5r hjemmebane den 2 april<br><a href=\"https:\/\/spiller.ddbu-admin.dk\/pdf_filer\/2122\/rf\/92_9.pdf\">LINK<\/a><\/p>\n\n\n\n<hr class=\"wp-block-separator is-style-wide\"\/>\n<\/div>\n\n\n\n<div class=\"wp-block-column is-layout-flow wp-block-column-is-layout-flow\">\n<h3 class=\"wp-block-heading\" style=\"font-size:24px;line-height:1.3\">Mikael f\u00e5r 4. plads i Regionsfinalen i Klasse A &#8211; <a href=\"https:\/\/www.hbf67.dk\/wp-content\/uploads\/2022\/03\/mikael-A.png\" target=\"_blank\" rel=\"noreferrer noopener nofollow\">LINK<\/a><\/h3>\n\n\n\n<figure class=\"wp-block-image size-full\"><img loading=\"lazy\" decoding=\"async\" width=\"960\" height=\"960\" src=\"https:\/\/www.hbf67.dk\/wp-content\/uploads\/mikael-A.jpg\" alt=\"\" class=\"wp-image-481\"\/><\/figure>\n\n\n\n<hr class=\"wp-block-separator is-style-wide\"\/>\n<\/div>\n\n\n\n<div class=\"wp-block-column is-layout-flow wp-block-column-is-layout-flow\">\n<h3 class=\"wp-block-heading\" style=\"font-size:24px;line-height:1.3\">Erling f\u00e5r s\u00f8lv i Landsfinalen<br>i Klasse E &#8211; <a href=\"https:\/\/www.hbf67.dk\/wp-content\/uploads\/2022\/03\/erling-C-LM.png\" target=\"_blank\" rel=\"noreferrer noopener nofollow\">LINK<\/a><\/h3>\n\n\n\n<figure class=\"wp-block-image size-large\"><img decoding=\"async\" src=\"https:\/\/www.hbf67.dk\/wp-content\/uploads\/2022\/03\/erling-C.jpg\" alt=\"\"\/><\/figure>\n\n\n\n<p><br><\/p>\n<\/div>\n<\/div>\n\n\n\n<div class=\"wp-block-columns alignfull has-white-color has-text-color has-background is-layout-flex wp-container-core-columns-is-layout-9d6595d7 wp-block-columns-is-layout-flex\" style=\"background:linear-gradient(135deg,rgb(47,79,79) 0%,rgb(47,79,79) 100%)\">\n<div class=\"wp-block-column is-layout-flow wp-block-column-is-layout-flow\">\n<h3 class=\"wp-block-heading\" style=\"font-size:24px;line-height:1.3\">Hvals\u00f8 Billard Forening<\/h3>\n\n\n\n<p>Indkaldelse Ordin\u00e6re generalforsamling<br>Mandag den 14 Marts 2022 kl. 19.00 i billardlokalet<br>Forslag der \u00f8nskes behandlet p\u00e5 generalforsamlingen skal v\u00e6re formanden: Erling H. Jensen Gl. Ringstedvej 9 &#8211; 4330 Hvals\u00f8 I h\u00e6nde senest 8 dage f\u00f8r generalforsamlingen<br><a href=\"https:\/\/www.hbf67.dk\/wp-content\/uploads\/2022\/03\/hbf67-1.docx\">LINK<\/a><\/p>\n\n\n\n<hr class=\"wp-block-separator is-style-wide\"\/>\n<\/div>\n<\/div>\n\n\n\n<div class=\"wp-block-columns alignfull has-white-color has-text-color has-background is-layout-flex wp-container-core-columns-is-layout-9d6595d7 wp-block-columns-is-layout-flex\" style=\"background:linear-gradient(135deg,rgb(47,79,79) 0%,rgb(47,79,79) 100%)\">\n<div class=\"wp-block-column is-layout-flow wp-block-column-is-layout-flow\">\n<h3 class=\"wp-block-heading\" style=\"font-size:24px;line-height:1.3\"><strong>INDIVIDUEL KEGLEBILLARD<br>KLASSE M \u2013 REGIONSFINALE<\/strong><\/h3>\n\n\n\n<p><em>Bertil Petersen <\/em>er g\u00e5et hele vejen og er i Regionsfinalen Kl. M<br><em>Bertil <\/em>har hjemmebane d. 12 marts<br>S\u00e5 kom ned og st\u00f8t. <br>Klubben gi&#8217;r kaffe.<br><a href=\"https:\/\/spiller.ddbu-admin.dk\/pdf_filer\/2122\/rf\/147_9.pdf\" target=\"_blank\" rel=\"noreferrer noopener\">LINK<\/a><\/p>\n\n\n\n<hr class=\"wp-block-separator is-style-wide\"\/>\n<\/div>\n\n\n\n<div class=\"wp-block-column is-layout-flow wp-block-column-is-layout-flow\">\n<h3 class=\"wp-block-heading\" style=\"font-size:24px;line-height:1.3\"><strong>INDIVIDUEL KEGLEBILLARD<br>KLASSE A \u2013 REGIONSFINALE<\/strong><\/h3>\n\n\n\n<p><em>Mikael Olsen <\/em>er ogs\u00e5 g\u00e5et hele vejen og er i Regionsfinalen Kl. A<br><em>Mikael <\/em>skal en tur til Vordingborg d. 5 marts<br><a href=\"https:\/\/spiller.ddbu-admin.dk\/pdf_filer\/2122\/rf\/42_9.pdf\" target=\"_blank\" rel=\"noreferrer noopener\">LINK<\/a><br>Hvis der er streaming p\u00e5, kommer det ogs\u00e5 her p\u00e5 siden<\/p>\n\n\n\n<hr class=\"wp-block-separator is-style-wide\"\/>\n<\/div>\n\n\n\n<div class=\"wp-block-column is-layout-flow wp-block-column-is-layout-flow\">\n<h3 class=\"wp-block-heading\" style=\"font-size:24px;line-height:1.3\">INDIVIDUEL KEGLEBILLARD<br>KLASSE C \u2013 5. RUNDE<\/h3>\n\n\n\n<p><em>Flemming Johnsen <\/em>er i 5. runde i Kl. C<br>Flemming skal en tur til V\u00e6rl\u00f8se d. 5 marts<br>Hvis han g\u00e5r videre fra denne er han i Regionsfinalen<br><a rel=\"noreferrer noopener\" href=\"https:\/\/spiller.ddbu-admin.dk\/pdf_filer\/2122\/indiv_runde\/92_5.pdf\" target=\"_blank\">LINK<\/a><\/p>\n<\/div>\n<\/div>\n\n\n\n<div class=\"wp-block-columns alignfull has-white-color has-text-color has-background is-layout-flex wp-container-core-columns-is-layout-9d6595d7 wp-block-columns-is-layout-flex\" style=\"background:linear-gradient(135deg,rgb(47,79,79) 0%,rgb(47,79,79) 100%)\">\n<div class=\"wp-block-column is-layout-flow wp-block-column-is-layout-flow\">\n<h3 class=\"wp-block-heading\" style=\"font-size:24px;line-height:1.3\">Regions GULD &#8211; Keglebillard Kl. E \u00d8st<\/h3>\n\n\n\n<p><em>Erling Jensen <\/em>har vundet Regions GULD i Kl. E. <br><a href=\"https:\/\/spiller.ddbu-admin.dk\/?m=1010&amp;tnr=58&amp;saeson=2122\" target=\"_blank\" rel=\"noreferrer noopener\">LINK<\/a><br><em>Erling <\/em>skal en tur til Randers og spiller Landsfinalen den 5 marts.<br>Vi krydser hva vi kan<br><a href=\"https:\/\/spiller.ddbu-admin.dk\/pdf_filer\/2122\/lf\/58_11.pdf\" target=\"_blank\" rel=\"noreferrer noopener\">LINK<\/a><\/p>\n\n\n\n<hr class=\"wp-block-separator is-style-wide\"\/>\n<\/div>\n\n\n\n<div class=\"wp-block-column is-layout-flow wp-block-column-is-layout-flow\">\n<h3 class=\"wp-block-heading\" style=\"font-size:24px;line-height:1.3\">Regions S\u00d8LV &#8211; Keglebillard Kvinder<br>Klasse B \u00d8st<\/h3>\n\n\n\n<p><em>Heidi Hansen <\/em>vandt Regions S\u00d8LV i Holb\u00e6k d. 18\/12-2021<br><a href=\"https:\/\/spiller.ddbu-admin.dk\/?m=1010&amp;tnr=45&amp;saeson=2122\" target=\"_blank\" rel=\"noreferrer noopener\">LINK<\/a><br><em>Heidi <\/em>drog til Asaa d. 29 januar for at spille Landsfinalen<br>Her blev det til en 4 plads<br><a href=\"https:\/\/spiller.ddbu-admin.dk\/?m=1010&amp;tnr=235&amp;saeson=2122\" target=\"_blank\" rel=\"noreferrer noopener\">LINK<\/a><\/p>\n\n\n\n<hr class=\"wp-block-separator is-style-wide\"\/>\n<\/div>\n\n\n\n<div class=\"wp-block-column is-layout-flow wp-block-column-is-layout-flow\">\n<h3 class=\"wp-block-heading\" style=\"font-size:24px;line-height:1.3\">Regions S\u00d8LV &#8211; 3 Bande Carambole<br>Klasse C \u00d8st<\/h3>\n\n\n\n<p><em>Flemming Johnsen <\/em>vandt Regions S\u00d8LV i \u00d8lstykke d. 22 januar<br><a rel=\"noreferrer noopener\" href=\"https:\/\/spiller.ddbu-admin.dk\/?m=1010&amp;tnr=109&amp;saeson=2122\" target=\"_blank\">LINK<\/a><br><em>Flemming <\/em>tog til S\u00f8nders\u00f8 d. 19 februar for at spille Landsfinalen, hvor det blev til en 3. plads<br><a rel=\"noreferrer noopener\" href=\"https:\/\/spiller.ddbu-admin.dk\/?m=1010&amp;tnr=229&amp;saeson=2122\" target=\"_blank\">LINK<\/a><\/p>\n<\/div>\n<\/div>\n","protected":false},"excerpt":{"rendered":"<p>Heidi vinder Ladiescuppen 2021\/22 Heidi \u00d8land Hansen vandt ladiecup i Asaa her i l\u00f8rdags den 7\/5LINK Heidi videre til Senior CUP finalen<\/p>\n<p class=\"link-more\"><a class=\"myButt \" href=\"https:\/\/www.hbf67.dk\/?page_id=72\">Read More<\/a><\/p>\n","protected":false},"author":1,"featured_media":0,"parent":0,"menu_order":0,"comment_status":"closed","ping_status":"closed","template":"","meta":{"footnotes":""},"class_list":["post-72","page","type-page","status-publish","hentry"],"yoast_head":"<!-- This site is optimized with the Yoast SEO plugin v27.2 - https:\/\/yoast.com\/product\/yoast-seo-wordpress\/ -->\n<title>News 21\/22 - Hvals\u00f8 Billard Forening<\/title>\n<meta name=\"robots\" content=\"index, follow, max-snippet:-1, max-image-preview:large, max-video-preview:-1\" \/>\n<link rel=\"canonical\" href=\"https:\/\/www.hbf67.dk\/?page_id=72\" \/>\n<meta property=\"og:locale\" content=\"da_DK\" \/>\n<meta property=\"og:type\" content=\"article\" \/>\n<meta property=\"og:title\" content=\"News 21\/22 - Hvals\u00f8 Billard Forening\" \/>\n<meta property=\"og:description\" content=\"Heidi vinder Ladiescuppen 2021\/22 Heidi \u00d8land Hansen vandt ladiecup i Asaa her i l\u00f8rdags den 7\/5LINK Heidi videre til Senior CUP finalenRead More\" \/>\n<meta property=\"og:url\" content=\"https:\/\/www.hbf67.dk\/?page_id=72\" \/>\n<meta property=\"og:site_name\" content=\"Hvals\u00f8 Billard Forening\" \/>\n<meta property=\"og:image\" content=\"https:\/\/scontent.fcph3-1.fna.fbcdn.net\/v\/t39.30808-6\/280025783_10227860867451394_4893503718084230566_n.jpg?stp=dst-jpg_p180x540&amp;_nc_cat=106&amp;ccb=1-6&amp;_nc_sid=8bfeb9&amp;_nc_ohc=pFEwnF7Fn7IAX_UF8Tq&amp;_nc_ht=scontent.fcph3-1.fna&amp;oh=00_AT8_AOLY_7E5dbY5CfKJPkck0esGJZRzKBLzQ9nSB_EhGg&amp;oe=627F02F4\" \/>\n<meta name=\"twitter:card\" content=\"summary_large_image\" \/>\n<meta name=\"twitter:label1\" content=\"Estimeret l\u00e6setid\" \/>\n\t<meta name=\"twitter:data1\" content=\"6 minutter\" \/>\n<script type=\"application\/ld+json\" class=\"yoast-schema-graph\">{\"@context\":\"https:\/\/schema.org\",\"@graph\":[{\"@type\":\"WebPage\",\"@id\":\"https:\/\/www.hbf67.dk\/?page_id=72\",\"url\":\"https:\/\/www.hbf67.dk\/?page_id=72\",\"name\":\"News 21\/22 - Hvals\u00f8 Billard Forening\",\"isPartOf\":{\"@id\":\"https:\/\/www.hbf67.dk\/#website\"},\"primaryImageOfPage\":{\"@id\":\"https:\/\/www.hbf67.dk\/?page_id=72#primaryimage\"},\"image\":{\"@id\":\"https:\/\/www.hbf67.dk\/?page_id=72#primaryimage\"},\"thumbnailUrl\":\"https:\/\/scontent.fcph3-1.fna.fbcdn.net\/v\/t39.30808-6\/280025783_10227860867451394_4893503718084230566_n.jpg?stp=dst-jpg_p180x540&amp;_nc_cat=106&amp;ccb=1-6&amp;_nc_sid=8bfeb9&amp;_nc_ohc=pFEwnF7Fn7IAX_UF8Tq&amp;_nc_ht=scontent.fcph3-1.fna&amp;oh=00_AT8_AOLY_7E5dbY5CfKJPkck0esGJZRzKBLzQ9nSB_EhGg&amp;oe=627F02F4\",\"datePublished\":\"2022-02-26T01:14:37+00:00\",\"breadcrumb\":{\"@id\":\"https:\/\/www.hbf67.dk\/?page_id=72#breadcrumb\"},\"inLanguage\":\"da-DK\",\"potentialAction\":[{\"@type\":\"ReadAction\",\"target\":[\"https:\/\/www.hbf67.dk\/?page_id=72\"]}]},{\"@type\":\"ImageObject\",\"inLanguage\":\"da-DK\",\"@id\":\"https:\/\/www.hbf67.dk\/?page_id=72#primaryimage\",\"url\":\"https:\/\/scontent.fcph3-1.fna.fbcdn.net\/v\/t39.30808-6\/280025783_10227860867451394_4893503718084230566_n.jpg?stp=dst-jpg_p180x540&amp;_nc_cat=106&amp;ccb=1-6&amp;_nc_sid=8bfeb9&amp;_nc_ohc=pFEwnF7Fn7IAX_UF8Tq&amp;_nc_ht=scontent.fcph3-1.fna&amp;oh=00_AT8_AOLY_7E5dbY5CfKJPkck0esGJZRzKBLzQ9nSB_EhGg&amp;oe=627F02F4\",\"contentUrl\":\"https:\/\/scontent.fcph3-1.fna.fbcdn.net\/v\/t39.30808-6\/280025783_10227860867451394_4893503718084230566_n.jpg?stp=dst-jpg_p180x540&amp;_nc_cat=106&amp;ccb=1-6&amp;_nc_sid=8bfeb9&amp;_nc_ohc=pFEwnF7Fn7IAX_UF8Tq&amp;_nc_ht=scontent.fcph3-1.fna&amp;oh=00_AT8_AOLY_7E5dbY5CfKJPkck0esGJZRzKBLzQ9nSB_EhGg&amp;oe=627F02F4\"},{\"@type\":\"BreadcrumbList\",\"@id\":\"https:\/\/www.hbf67.dk\/?page_id=72#breadcrumb\",\"itemListElement\":[{\"@type\":\"ListItem\",\"position\":1,\"name\":\"Hjem\",\"item\":\"https:\/\/www.hbf67.dk\/\"},{\"@type\":\"ListItem\",\"position\":2,\"name\":\"News 21\/22\"}]},{\"@type\":\"WebSite\",\"@id\":\"https:\/\/www.hbf67.dk\/#website\",\"url\":\"https:\/\/www.hbf67.dk\/\",\"name\":\"Hvals\u00f8 Billard Forening\",\"description\":\"\",\"potentialAction\":[{\"@type\":\"SearchAction\",\"target\":{\"@type\":\"EntryPoint\",\"urlTemplate\":\"https:\/\/www.hbf67.dk\/?s={search_term_string}\"},\"query-input\":{\"@type\":\"PropertyValueSpecification\",\"valueRequired\":true,\"valueName\":\"search_term_string\"}}],\"inLanguage\":\"da-DK\"}]}<\/script>\n<!-- \/ Yoast SEO plugin. -->","yoast_head_json":{"title":"News 21\/22 - Hvals\u00f8 Billard Forening","robots":{"index":"index","follow":"follow","max-snippet":"max-snippet:-1","max-image-preview":"max-image-preview:large","max-video-preview":"max-video-preview:-1"},"canonical":"https:\/\/www.hbf67.dk\/?page_id=72","og_locale":"da_DK","og_type":"article","og_title":"News 21\/22 - Hvals\u00f8 Billard Forening","og_description":"Heidi vinder Ladiescuppen 2021\/22 Heidi \u00d8land Hansen vandt ladiecup i Asaa her i l\u00f8rdags den 7\/5LINK Heidi videre til Senior CUP finalenRead More","og_url":"https:\/\/www.hbf67.dk\/?page_id=72","og_site_name":"Hvals\u00f8 Billard Forening","og_image":[{"url":"https:\/\/scontent.fcph3-1.fna.fbcdn.net\/v\/t39.30808-6\/280025783_10227860867451394_4893503718084230566_n.jpg?stp=dst-jpg_p180x540&amp;_nc_cat=106&amp;ccb=1-6&amp;_nc_sid=8bfeb9&amp;_nc_ohc=pFEwnF7Fn7IAX_UF8Tq&amp;_nc_ht=scontent.fcph3-1.fna&amp;oh=00_AT8_AOLY_7E5dbY5CfKJPkck0esGJZRzKBLzQ9nSB_EhGg&amp;oe=627F02F4","type":"","width":"","height":""}],"twitter_card":"summary_large_image","twitter_misc":{"Estimeret l\u00e6setid":"6 minutter"},"schema":{"@context":"https:\/\/schema.org","@graph":[{"@type":"WebPage","@id":"https:\/\/www.hbf67.dk\/?page_id=72","url":"https:\/\/www.hbf67.dk\/?page_id=72","name":"News 21\/22 - Hvals\u00f8 Billard Forening","isPartOf":{"@id":"https:\/\/www.hbf67.dk\/#website"},"primaryImageOfPage":{"@id":"https:\/\/www.hbf67.dk\/?page_id=72#primaryimage"},"image":{"@id":"https:\/\/www.hbf67.dk\/?page_id=72#primaryimage"},"thumbnailUrl":"https:\/\/scontent.fcph3-1.fna.fbcdn.net\/v\/t39.30808-6\/280025783_10227860867451394_4893503718084230566_n.jpg?stp=dst-jpg_p180x540&amp;_nc_cat=106&amp;ccb=1-6&amp;_nc_sid=8bfeb9&amp;_nc_ohc=pFEwnF7Fn7IAX_UF8Tq&amp;_nc_ht=scontent.fcph3-1.fna&amp;oh=00_AT8_AOLY_7E5dbY5CfKJPkck0esGJZRzKBLzQ9nSB_EhGg&amp;oe=627F02F4","datePublished":"2022-02-26T01:14:37+00:00","breadcrumb":{"@id":"https:\/\/www.hbf67.dk\/?page_id=72#breadcrumb"},"inLanguage":"da-DK","potentialAction":[{"@type":"ReadAction","target":["https:\/\/www.hbf67.dk\/?page_id=72"]}]},{"@type":"ImageObject","inLanguage":"da-DK","@id":"https:\/\/www.hbf67.dk\/?page_id=72#primaryimage","url":"https:\/\/scontent.fcph3-1.fna.fbcdn.net\/v\/t39.30808-6\/280025783_10227860867451394_4893503718084230566_n.jpg?stp=dst-jpg_p180x540&amp;_nc_cat=106&amp;ccb=1-6&amp;_nc_sid=8bfeb9&amp;_nc_ohc=pFEwnF7Fn7IAX_UF8Tq&amp;_nc_ht=scontent.fcph3-1.fna&amp;oh=00_AT8_AOLY_7E5dbY5CfKJPkck0esGJZRzKBLzQ9nSB_EhGg&amp;oe=627F02F4","contentUrl":"https:\/\/scontent.fcph3-1.fna.fbcdn.net\/v\/t39.30808-6\/280025783_10227860867451394_4893503718084230566_n.jpg?stp=dst-jpg_p180x540&amp;_nc_cat=106&amp;ccb=1-6&amp;_nc_sid=8bfeb9&amp;_nc_ohc=pFEwnF7Fn7IAX_UF8Tq&amp;_nc_ht=scontent.fcph3-1.fna&amp;oh=00_AT8_AOLY_7E5dbY5CfKJPkck0esGJZRzKBLzQ9nSB_EhGg&amp;oe=627F02F4"},{"@type":"BreadcrumbList","@id":"https:\/\/www.hbf67.dk\/?page_id=72#breadcrumb","itemListElement":[{"@type":"ListItem","position":1,"name":"Hjem","item":"https:\/\/www.hbf67.dk\/"},{"@type":"ListItem","position":2,"name":"News 21\/22"}]},{"@type":"WebSite","@id":"https:\/\/www.hbf67.dk\/#website","url":"https:\/\/www.hbf67.dk\/","name":"Hvals\u00f8 Billard Forening","description":"","potentialAction":[{"@type":"SearchAction","target":{"@type":"EntryPoint","urlTemplate":"https:\/\/www.hbf67.dk\/?s={search_term_string}"},"query-input":{"@type":"PropertyValueSpecification","valueRequired":true,"valueName":"search_term_string"}}],"inLanguage":"da-DK"}]}},"_links":{"self":[{"href":"https:\/\/www.hbf67.dk\/index.php?rest_route=\/wp\/v2\/pages\/72","targetHints":{"allow":["GET"]}}],"collection":[{"href":"https:\/\/www.hbf67.dk\/index.php?rest_route=\/wp\/v2\/pages"}],"about":[{"href":"https:\/\/www.hbf67.dk\/index.php?rest_route=\/wp\/v2\/types\/page"}],"author":[{"embeddable":true,"href":"https:\/\/www.hbf67.dk\/index.php?rest_route=\/wp\/v2\/users\/1"}],"replies":[{"embeddable":true,"href":"https:\/\/www.hbf67.dk\/index.php?rest_route=%2Fwp%2Fv2%2Fcomments&post=72"}],"version-history":[{"count":0,"href":"https:\/\/www.hbf67.dk\/index.php?rest_route=\/wp\/v2\/pages\/72\/revisions"}],"wp:attachment":[{"href":"https:\/\/www.hbf67.dk\/index.php?rest_route=%2Fwp%2Fv2%2Fmedia&parent=72"}],"curies":[{"name":"wp","href":"https:\/\/api.w.org\/{rel}","templated":true}]}}